{"id":957,"date":"2026-02-12T19:58:06","date_gmt":"2026-02-12T18:58:06","guid":{"rendered":"https:\/\/cunadelalegion.es\/?page_id=957"},"modified":"2026-02-12T20:56:30","modified_gmt":"2026-02-12T19:56:30","slug":"circuito-legionario","status":"publish","type":"page","link":"https:\/\/cunadelalegion.es\/?page_id=957","title":{"rendered":"Circuito Legionario"},"content":{"rendered":"\n<p>Derivado de la \u00faltima Junta Institucional Legi\u00f3n, celebrada el pasado mes de noviembre de 2025, y tras acuerdo por parte de los Coroneles Jefes de Tercio responsables de la organizaci\u00f3n de las diferentes carreras legionarias, se informa de lo siguiente:<\/p>\n\n\n\n<ul class=\"wp-block-list\">\n<li>A partir del a\u00f1o 2026, se instaura el Circuito de Carreras Legionarias.<\/li>\n\n\n\n<li>El corredor que finalice\u00a0las cuatro (4) carreras, de forma consecutiva e independientemente de qu\u00e9\u00a0carrera inicie el circuito, recibir\u00e1 un reconocimiento materializado con un\u00a0diploma (se adjunta modelo).<\/li>\n\n\n\n<li>Para la obtenci\u00f3n del diploma, el corredor deber\u00e1 remitir\u00a0un correo con los diplomas acreditativos (cuatro en total) a la organizaci\u00f3n de la \u00faltima carrera con la que complete el circuito.<\/li>\n\n\n\n<li>La organizaci\u00f3n que recibe esta solicitud por parte del corredor, comprobar\u00e1\u00a0los datos y la remitir\u00e1 a la Brigada \u00abRey Alfonso XIII\u00bb II de la Legi\u00f3n para que el General Jefe de la Legi\u00f3n expida el diploma acreditativo correspondiente.<\/li>\n<\/ul>\n\n\n\n<p>Al respecto de lo anterior,  la organizaci\u00f3n que reciba la solicitud modifique el diploma, incluya la informaci\u00f3n pertinente para su traslado a firma del General Jefe de la Legi\u00f3n, en el siguiente sentido:<\/p>\n\n\n\n<ul class=\"wp-block-list\">\n<li>Se dispondr\u00e1n las carreras en orden cronol\u00f3gico (de arriba a abajo).<\/li>\n\n\n\n<li>Para cada carrera se incluir\u00e1 la fecha y el tiempo empleado por el corredor.<\/li>\n<\/ul>\n\n\n\n<figure class=\"wp-block-image aligncenter size-large is-resized\"><img loading=\"lazy\" decoding=\"async\" width=\"1024\" height=\"709\" src=\"http:\/\/cunadelalegion.es\/wp-content\/uploads\/2026\/02\/Dipoloma_Circuito-Legioario-1024x709.png\" alt=\"\" class=\"wp-image-958\" style=\"width:740px;height:auto\" srcset=\"https:\/\/cunadelalegion.es\/wp-content\/uploads\/2026\/02\/Dipoloma_Circuito-Legioario-1024x709.png 1024w, https:\/\/cunadelalegion.es\/wp-content\/uploads\/2026\/02\/Dipoloma_Circuito-Legioario-300x208.png 300w, https:\/\/cunadelalegion.es\/wp-content\/uploads\/2026\/02\/Dipoloma_Circuito-Legioario-768x532.png 768w, https:\/\/cunadelalegion.es\/wp-content\/uploads\/2026\/02\/Dipoloma_Circuito-Legioario.png 1040w\" sizes=\"auto, (max-width: 1024px) 100vw, 1024px\" \/><\/figure>\n\n\n\n<p><\/p>\n","protected":false},"excerpt":{"rendered":"<p>Derivado de la \u00faltima Junta Institucional Legi\u00f3n, celebrada el pasado mes de noviembre de 2025, y tras acuerdo por parte de los Coroneles Jefes de Tercio responsables de la organizaci\u00f3n de las diferentes carreras legionarias, se informa de lo siguiente: Al respecto de lo anterior, la organizaci\u00f3n que reciba la solicitud modifique el diploma, incluya [&hellip;]<\/p>\n","protected":false},"author":1,"featured_media":0,"parent":0,"menu_order":0,"comment_status":"closed","ping_status":"closed","template":"","meta":{"footnotes":""},"class_list":["post-957","page","type-page","status-publish","hentry"],"yoast_head":"<!-- This site is optimized with the Yoast SEO plugin v27.0 - https:\/\/yoast.com\/product\/yoast-seo-wordpress\/ -->\n<title>Circuito Legionario - Cuna de La Legi\u00f3n<\/title>\n<meta name=\"robots\" content=\"index, follow, max-snippet:-1, max-image-preview:large, max-video-preview:-1\" \/>\n<link rel=\"canonical\" href=\"https:\/\/cunadelalegion.es\/?page_id=957\" \/>\n<meta property=\"og:locale\" content=\"es_ES\" \/>\n<meta property=\"og:type\" content=\"article\" \/>\n<meta property=\"og:title\" content=\"Circuito Legionario - Cuna de La Legi\u00f3n\" \/>\n<meta property=\"og:description\" content=\"Derivado de la \u00faltima Junta Institucional Legi\u00f3n, celebrada el pasado mes de noviembre de 2025, y tras acuerdo por parte de los Coroneles Jefes de Tercio responsables de la organizaci\u00f3n de las diferentes carreras legionarias, se informa de lo siguiente: Al respecto de lo anterior, la organizaci\u00f3n que reciba la solicitud modifique el diploma, incluya [&hellip;]\" \/>\n<meta property=\"og:url\" content=\"https:\/\/cunadelalegion.es\/?page_id=957\" \/>\n<meta property=\"og:site_name\" content=\"Cuna de La Legi\u00f3n\" \/>\n<meta property=\"article:publisher\" content=\"https:\/\/www.facebook.com\/profile.php?id=61567994836494\" \/>\n<meta property=\"article:modified_time\" content=\"2026-02-12T19:56:30+00:00\" \/>\n<meta property=\"og:image\" content=\"https:\/\/cunadelalegion.es\/wp-content\/uploads\/2026\/02\/Dipoloma_Circuito-Legioario.png\" \/>\n\t<meta property=\"og:image:width\" content=\"1040\" \/>\n\t<meta property=\"og:image:height\" content=\"720\" \/>\n\t<meta property=\"og:image:type\" content=\"image\/png\" \/>\n<meta name=\"twitter:card\" content=\"summary_large_image\" \/>\n<meta name=\"twitter:label1\" content=\"Tiempo de lectura\" \/>\n\t<meta name=\"twitter:data1\" content=\"1 minuto\" \/>\n<script type=\"application\/ld+json\" class=\"yoast-schema-graph\">{\"@context\":\"https:\/\/schema.org\",\"@graph\":[{\"@type\":\"WebPage\",\"@id\":\"https:\/\/cunadelalegion.es\/?page_id=957\",\"url\":\"https:\/\/cunadelalegion.es\/?page_id=957\",\"name\":\"Circuito Legionario - Cuna de La Legi\u00f3n\",\"isPartOf\":{\"@id\":\"https:\/\/cunadelalegion.es\/#website\"},\"primaryImageOfPage\":{\"@id\":\"https:\/\/cunadelalegion.es\/?page_id=957#primaryimage\"},\"image\":{\"@id\":\"https:\/\/cunadelalegion.es\/?page_id=957#primaryimage\"},\"thumbnailUrl\":\"http:\/\/cunadelalegion.es\/wp-content\/uploads\/2026\/02\/Dipoloma_Circuito-Legioario-1024x709.png\",\"datePublished\":\"2026-02-12T18:58:06+00:00\",\"dateModified\":\"2026-02-12T19:56:30+00:00\",\"breadcrumb\":{\"@id\":\"https:\/\/cunadelalegion.es\/?page_id=957#breadcrumb\"},\"inLanguage\":\"es\",\"potentialAction\":[{\"@type\":\"ReadAction\",\"target\":[\"https:\/\/cunadelalegion.es\/?page_id=957\"]}]},{\"@type\":\"ImageObject\",\"inLanguage\":\"es\",\"@id\":\"https:\/\/cunadelalegion.es\/?page_id=957#primaryimage\",\"url\":\"https:\/\/cunadelalegion.es\/wp-content\/uploads\/2026\/02\/Dipoloma_Circuito-Legioario.png\",\"contentUrl\":\"https:\/\/cunadelalegion.es\/wp-content\/uploads\/2026\/02\/Dipoloma_Circuito-Legioario.png\",\"width\":1040,\"height\":720},{\"@type\":\"BreadcrumbList\",\"@id\":\"https:\/\/cunadelalegion.es\/?page_id=957#breadcrumb\",\"itemListElement\":[{\"@type\":\"ListItem\",\"position\":1,\"name\":\"Home\",\"item\":\"https:\/\/cunadelalegion.es\/\"},{\"@type\":\"ListItem\",\"position\":2,\"name\":\"Circuito Legionario\"}]},{\"@type\":\"WebSite\",\"@id\":\"https:\/\/cunadelalegion.es\/#website\",\"url\":\"https:\/\/cunadelalegion.es\/\",\"name\":\"Cuna de La Legi\u00f3n\",\"description\":\"Club Deportivo Tercio Duque de Alba\",\"publisher\":{\"@id\":\"https:\/\/cunadelalegion.es\/#organization\"},\"alternateName\":\"Carrera C\u00edvico Militar Cuna de La Legi\u00f3n\",\"potentialAction\":[{\"@type\":\"SearchAction\",\"target\":{\"@type\":\"EntryPoint\",\"urlTemplate\":\"https:\/\/cunadelalegion.es\/?s={search_term_string}\"},\"query-input\":{\"@type\":\"PropertyValueSpecification\",\"valueRequired\":true,\"valueName\":\"search_term_string\"}}],\"inLanguage\":\"es\"},{\"@type\":\"Organization\",\"@id\":\"https:\/\/cunadelalegion.es\/#organization\",\"name\":\"Cuna de La Legi\u00f3n\",\"alternateName\":\"Carrera C\u00edvio Militar Cuna de La Legi\u00f3n\",\"url\":\"https:\/\/cunadelalegion.es\/\",\"logo\":{\"@type\":\"ImageObject\",\"inLanguage\":\"es\",\"@id\":\"https:\/\/cunadelalegion.es\/#\/schema\/logo\/image\/\",\"url\":\"https:\/\/cunadelalegion.es\/wp-content\/uploads\/2026\/02\/Logo-Cuna-2025-Para-Gorra-COLOR.gif\",\"contentUrl\":\"https:\/\/cunadelalegion.es\/wp-content\/uploads\/2026\/02\/Logo-Cuna-2025-Para-Gorra-COLOR.gif\",\"width\":916,\"height\":1220,\"caption\":\"Cuna de La Legi\u00f3n\"},\"image\":{\"@id\":\"https:\/\/cunadelalegion.es\/#\/schema\/logo\/image\/\"},\"sameAs\":[\"https:\/\/www.facebook.com\/profile.php?id=61567994836494\",\"https:\/\/www.instagram.com\/lacunadelalegion\/?hl=es\"]}]}<\/script>\n<!-- \/ Yoast SEO plugin. -->","yoast_head_json":{"title":"Circuito Legionario - Cuna de La Legi\u00f3n","robots":{"index":"index","follow":"follow","max-snippet":"max-snippet:-1","max-image-preview":"max-image-preview:large","max-video-preview":"max-video-preview:-1"},"canonical":"https:\/\/cunadelalegion.es\/?page_id=957","og_locale":"es_ES","og_type":"article","og_title":"Circuito Legionario - Cuna de La Legi\u00f3n","og_description":"Derivado de la \u00faltima Junta Institucional Legi\u00f3n, celebrada el pasado mes de noviembre de 2025, y tras acuerdo por parte de los Coroneles Jefes de Tercio responsables de la organizaci\u00f3n de las diferentes carreras legionarias, se informa de lo siguiente: Al respecto de lo anterior, la organizaci\u00f3n que reciba la solicitud modifique el diploma, incluya [&hellip;]","og_url":"https:\/\/cunadelalegion.es\/?page_id=957","og_site_name":"Cuna de La Legi\u00f3n","article_publisher":"https:\/\/www.facebook.com\/profile.php?id=61567994836494","article_modified_time":"2026-02-12T19:56:30+00:00","og_image":[{"width":1040,"height":720,"url":"https:\/\/cunadelalegion.es\/wp-content\/uploads\/2026\/02\/Dipoloma_Circuito-Legioario.png","type":"image\/png"}],"twitter_card":"summary_large_image","twitter_misc":{"Tiempo de lectura":"1 minuto"},"schema":{"@context":"https:\/\/schema.org","@graph":[{"@type":"WebPage","@id":"https:\/\/cunadelalegion.es\/?page_id=957","url":"https:\/\/cunadelalegion.es\/?page_id=957","name":"Circuito Legionario - Cuna de La Legi\u00f3n","isPartOf":{"@id":"https:\/\/cunadelalegion.es\/#website"},"primaryImageOfPage":{"@id":"https:\/\/cunadelalegion.es\/?page_id=957#primaryimage"},"image":{"@id":"https:\/\/cunadelalegion.es\/?page_id=957#primaryimage"},"thumbnailUrl":"http:\/\/cunadelalegion.es\/wp-content\/uploads\/2026\/02\/Dipoloma_Circuito-Legioario-1024x709.png","datePublished":"2026-02-12T18:58:06+00:00","dateModified":"2026-02-12T19:56:30+00:00","breadcrumb":{"@id":"https:\/\/cunadelalegion.es\/?page_id=957#breadcrumb"},"inLanguage":"es","potentialAction":[{"@type":"ReadAction","target":["https:\/\/cunadelalegion.es\/?page_id=957"]}]},{"@type":"ImageObject","inLanguage":"es","@id":"https:\/\/cunadelalegion.es\/?page_id=957#primaryimage","url":"https:\/\/cunadelalegion.es\/wp-content\/uploads\/2026\/02\/Dipoloma_Circuito-Legioario.png","contentUrl":"https:\/\/cunadelalegion.es\/wp-content\/uploads\/2026\/02\/Dipoloma_Circuito-Legioario.png","width":1040,"height":720},{"@type":"BreadcrumbList","@id":"https:\/\/cunadelalegion.es\/?page_id=957#breadcrumb","itemListElement":[{"@type":"ListItem","position":1,"name":"Home","item":"https:\/\/cunadelalegion.es\/"},{"@type":"ListItem","position":2,"name":"Circuito Legionario"}]},{"@type":"WebSite","@id":"https:\/\/cunadelalegion.es\/#website","url":"https:\/\/cunadelalegion.es\/","name":"Cuna de La Legi\u00f3n","description":"Club Deportivo Tercio Duque de Alba","publisher":{"@id":"https:\/\/cunadelalegion.es\/#organization"},"alternateName":"Carrera C\u00edvico Militar Cuna de La Legi\u00f3n","potentialAction":[{"@type":"SearchAction","target":{"@type":"EntryPoint","urlTemplate":"https:\/\/cunadelalegion.es\/?s={search_term_string}"},"query-input":{"@type":"PropertyValueSpecification","valueRequired":true,"valueName":"search_term_string"}}],"inLanguage":"es"},{"@type":"Organization","@id":"https:\/\/cunadelalegion.es\/#organization","name":"Cuna de La Legi\u00f3n","alternateName":"Carrera C\u00edvio Militar Cuna de La Legi\u00f3n","url":"https:\/\/cunadelalegion.es\/","logo":{"@type":"ImageObject","inLanguage":"es","@id":"https:\/\/cunadelalegion.es\/#\/schema\/logo\/image\/","url":"https:\/\/cunadelalegion.es\/wp-content\/uploads\/2026\/02\/Logo-Cuna-2025-Para-Gorra-COLOR.gif","contentUrl":"https:\/\/cunadelalegion.es\/wp-content\/uploads\/2026\/02\/Logo-Cuna-2025-Para-Gorra-COLOR.gif","width":916,"height":1220,"caption":"Cuna de La Legi\u00f3n"},"image":{"@id":"https:\/\/cunadelalegion.es\/#\/schema\/logo\/image\/"},"sameAs":["https:\/\/www.facebook.com\/profile.php?id=61567994836494","https:\/\/www.instagram.com\/lacunadelalegion\/?hl=es"]}]}},"_links":{"self":[{"href":"https:\/\/cunadelalegion.es\/index.php?rest_route=\/wp\/v2\/pages\/957","targetHints":{"allow":["GET"]}}],"collection":[{"href":"https:\/\/cunadelalegion.es\/index.php?rest_route=\/wp\/v2\/pages"}],"about":[{"href":"https:\/\/cunadelalegion.es\/index.php?rest_route=\/wp\/v2\/types\/page"}],"author":[{"embeddable":true,"href":"https:\/\/cunadelalegion.es\/index.php?rest_route=\/wp\/v2\/users\/1"}],"replies":[{"embeddable":true,"href":"https:\/\/cunadelalegion.es\/index.php?rest_route=%2Fwp%2Fv2%2Fcomments&post=957"}],"version-history":[{"count":2,"href":"https:\/\/cunadelalegion.es\/index.php?rest_route=\/wp\/v2\/pages\/957\/revisions"}],"predecessor-version":[{"id":962,"href":"https:\/\/cunadelalegion.es\/index.php?rest_route=\/wp\/v2\/pages\/957\/revisions\/962"}],"wp:attachment":[{"href":"https:\/\/cunadelalegion.es\/index.php?rest_route=%2Fwp%2Fv2%2Fmedia&parent=957"}],"curies":[{"name":"wp","href":"https:\/\/api.w.org\/{rel}","templated":true}]}}