{"id":820,"date":"2025-12-17T20:33:11","date_gmt":"2025-12-17T19:33:11","guid":{"rendered":"https:\/\/cunadelalegion.es\/?page_id=820"},"modified":"2025-12-17T20:53:16","modified_gmt":"2025-12-17T19:53:16","slug":"barco-hotel-balearia","status":"publish","type":"page","link":"https:\/\/cunadelalegion.es\/?page_id=820","title":{"rendered":"BARCO-HOTEL BALEARIA"},"content":{"rendered":"\n<figure class=\"wp-block-image aligncenter size-full\"><img loading=\"lazy\" decoding=\"async\" width=\"600\" height=\"700\" src=\"http:\/\/cunadelalegion.es\/wp-content\/uploads\/2025\/12\/1.png\" alt=\"\" class=\"wp-image-818\" srcset=\"https:\/\/cunadelalegion.es\/wp-content\/uploads\/2025\/12\/1.png 600w, https:\/\/cunadelalegion.es\/wp-content\/uploads\/2025\/12\/1-257x300.png 257w\" sizes=\"auto, (max-width: 600px) 100vw, 600px\" \/><\/figure>\n\n\n\n<p class=\"has-text-align-center\">BALEARIA va a poner un servicio especial de&nbsp;<strong>ferry M\u00e1laga-Ceuta<\/strong>, donde adem\u00e1s de ofertar hacer la traves\u00eda desde M\u00e1laga, nuestro barco&nbsp;<strong>Regina B\u00e1ltica<\/strong>&nbsp;ser\u00e1 un hotel desde el 6 al 8 de mayo.<\/p>\n\n\n\n<p class=\"has-text-align-center\">Este servicio ser\u00e1 tanto para pasajeros de la ruta M\u00e1laga-Ceuta que reserven viajar ida y vuelta en acomodaci\u00f3n camarote, as\u00ed como cualquier interesado en el evento y llegue a Ceuta sin tener donde hospedarse.<\/p>\n\n\n\n<p class=\"has-text-align-center\"><\/p>\n\n\n\n<p class=\"has-text-align-center\">Ofrecer\u00e1n a&nbsp;<strong>participantes que vienen por Algeciras<\/strong>, la opci\u00f3n de reservar&nbsp;<strong>Ferry + Hotel, con una diferencia.<\/strong> <\/p>\n\n\n\n<p class=\"has-text-align-center\">El viajero llegar\u00e1 a Ceuta en un barco que no ser\u00e1 en el que se hospeden, tras su llegada a Ceuta, con su reserva de \u201cbarco-hotel\u201d podr\u00e1n acceder al&nbsp;<strong>barco Regina B\u00e1ltica<\/strong>, que ser\u00e1 el que har\u00e1 de \u201chotel\u201d<\/p>\n\n\n\n<div class=\"wp-block-superb-addons-reveal-buttons alignwide is-content-justification-center is-layout-flex wp-container-superb-addons-reveal-buttons-is-layout-a89b3969 wp-block-superb-addons-reveal-buttons-is-layout-flex\">\n<a class=\"wp-block-superb-addons-reveal-button superb-addons-reveal-button superb-addons-reveal-button-has-reveal\" href=\"https:\/\/www.balearia.com\/es\/ofertas\/cuna-de-legion-ceuta?utm_source=web&amp;utm_medium=web_cunadelalegion&amp;utm_campaign=BAL_TCT_EJE4_NOA-NOA_ESP_ES_X_RES_CUNADELALEGION&amp;utm_term=&amp;utm_content=\" rel=\"noopener\" target=\"_blank\"><div class=\"superb-addons-reveal-button-element superb-addons-reveal-button-cta\"><strong> M\u00c1LAGA &#8211; CEUTA<\/strong><\/div><div class=\"superb-addons-reveal-button-teaser\" data-reveal=\"\"><\/div><\/a>\n<\/div>\n\n\n\n<div class=\"wp-block-superb-addons-reveal-buttons is-content-justification-center is-layout-flex wp-container-superb-addons-reveal-buttons-is-layout-a89b3969 wp-block-superb-addons-reveal-buttons-is-layout-flex\">\n<a class=\"wp-block-superb-addons-reveal-button superb-addons-reveal-button superb-addons-reveal-button-has-reveal\" href=\"https:\/\/www.balearia.com\/es\/ofertas\/servicio-hotel?utm_source=web&amp;utm_medium=web_cunadelalegion&amp;utm_campaign=BAL_TCT_EJE4_NOA-NOA_ESP_ES_X_RES_CUNADELALEGION&amp;utm_term=&amp;utm_content=\" rel=\"noopener\" target=\"_blank\"><div class=\"superb-addons-reveal-button-element superb-addons-reveal-button-cta\"><strong>ALGECIRAS &#8211; CEUTA<\/strong><\/div><div class=\"superb-addons-reveal-button-teaser\" data-reveal=\"\"><\/div><\/a>\n<\/div>\n\n\n\n<div class=\"wp-block-superb-addons-reveal-buttons alignwide is-content-justification-center is-layout-flex wp-container-superb-addons-reveal-buttons-is-layout-a89b3969 wp-block-superb-addons-reveal-buttons-is-layout-flex\">\n<a class=\"wp-block-superb-addons-reveal-button superb-addons-reveal-button superb-addons-reveal-button-has-reveal\" href=\"https:\/\/www.balearia.com\/es\/ofertas\/servicio-hotel?utm_source=web&amp;utm_medium=web_cunadelalegion&amp;utm_campaign=BAL_TCT_EJE4_NOA-NOA_ESP_ES_X_RES_CUNADELALEGION&amp;utm_term=&amp;utm_content=\" rel=\"noopener\" target=\"_blank\"><div class=\"superb-addons-reveal-button-element superb-addons-reveal-button-cta\"><strong>SOLO ALOJAMIENTO<\/strong><\/div><div class=\"superb-addons-reveal-button-teaser\" data-reveal=\"\"><\/div><\/a>\n<\/div>\n\n\n\n<p><\/p>\n","protected":false},"excerpt":{"rendered":"<p>BALEARIA va a poner un servicio especial de&nbsp;ferry M\u00e1laga-Ceuta, donde adem\u00e1s de ofertar hacer la traves\u00eda desde M\u00e1laga, nuestro barco&nbsp;Regina B\u00e1ltica&nbsp;ser\u00e1 un hotel desde el 6 al 8 de mayo. Este servicio ser\u00e1 tanto para pasajeros de la ruta M\u00e1laga-Ceuta que reserven viajar ida y vuelta en acomodaci\u00f3n camarote, as\u00ed como cualquier interesado en el [&hellip;]<\/p>\n","protected":false},"author":1,"featured_media":0,"parent":0,"menu_order":0,"comment_status":"closed","ping_status":"closed","template":"","meta":{"footnotes":""},"class_list":["post-820","page","type-page","status-publish","hentry"],"yoast_head":"<!-- This site is optimized with the Yoast SEO plugin v27.0 - https:\/\/yoast.com\/product\/yoast-seo-wordpress\/ -->\n<title>BARCO-HOTEL BALEARIA - Cuna de La Legi\u00f3n<\/title>\n<meta name=\"robots\" content=\"index, follow, max-snippet:-1, max-image-preview:large, max-video-preview:-1\" \/>\n<link rel=\"canonical\" href=\"https:\/\/cunadelalegion.es\/?page_id=820\" \/>\n<meta property=\"og:locale\" content=\"es_ES\" \/>\n<meta property=\"og:type\" content=\"article\" \/>\n<meta property=\"og:title\" content=\"BARCO-HOTEL BALEARIA - Cuna de La Legi\u00f3n\" \/>\n<meta property=\"og:description\" content=\"BALEARIA va a poner un servicio especial de&nbsp;ferry M\u00e1laga-Ceuta, donde adem\u00e1s de ofertar hacer la traves\u00eda desde M\u00e1laga, nuestro barco&nbsp;Regina B\u00e1ltica&nbsp;ser\u00e1 un hotel desde el 6 al 8 de mayo. Este servicio ser\u00e1 tanto para pasajeros de la ruta M\u00e1laga-Ceuta que reserven viajar ida y vuelta en acomodaci\u00f3n camarote, as\u00ed como cualquier interesado en el [&hellip;]\" \/>\n<meta property=\"og:url\" content=\"https:\/\/cunadelalegion.es\/?page_id=820\" \/>\n<meta property=\"og:site_name\" content=\"Cuna de La Legi\u00f3n\" \/>\n<meta property=\"article:publisher\" content=\"https:\/\/www.facebook.com\/profile.php?id=61567994836494\" \/>\n<meta property=\"article:modified_time\" content=\"2025-12-17T19:53:16+00:00\" \/>\n<meta property=\"og:image\" content=\"https:\/\/cunadelalegion.es\/wp-content\/uploads\/2025\/12\/1.png\" \/>\n\t<meta property=\"og:image:width\" content=\"600\" \/>\n\t<meta property=\"og:image:height\" content=\"700\" \/>\n\t<meta property=\"og:image:type\" content=\"image\/png\" \/>\n<meta name=\"twitter:card\" content=\"summary_large_image\" \/>\n<meta name=\"twitter:label1\" content=\"Tiempo de lectura\" \/>\n\t<meta name=\"twitter:data1\" content=\"1 minuto\" \/>\n<script type=\"application\/ld+json\" class=\"yoast-schema-graph\">{\"@context\":\"https:\/\/schema.org\",\"@graph\":[{\"@type\":\"WebPage\",\"@id\":\"https:\/\/cunadelalegion.es\/?page_id=820\",\"url\":\"https:\/\/cunadelalegion.es\/?page_id=820\",\"name\":\"BARCO-HOTEL BALEARIA - Cuna de La Legi\u00f3n\",\"isPartOf\":{\"@id\":\"https:\/\/cunadelalegion.es\/#website\"},\"primaryImageOfPage\":{\"@id\":\"https:\/\/cunadelalegion.es\/?page_id=820#primaryimage\"},\"image\":{\"@id\":\"https:\/\/cunadelalegion.es\/?page_id=820#primaryimage\"},\"thumbnailUrl\":\"http:\/\/cunadelalegion.es\/wp-content\/uploads\/2025\/12\/1.png\",\"datePublished\":\"2025-12-17T19:33:11+00:00\",\"dateModified\":\"2025-12-17T19:53:16+00:00\",\"breadcrumb\":{\"@id\":\"https:\/\/cunadelalegion.es\/?page_id=820#breadcrumb\"},\"inLanguage\":\"es\",\"potentialAction\":[{\"@type\":\"ReadAction\",\"target\":[\"https:\/\/cunadelalegion.es\/?page_id=820\"]}]},{\"@type\":\"ImageObject\",\"inLanguage\":\"es\",\"@id\":\"https:\/\/cunadelalegion.es\/?page_id=820#primaryimage\",\"url\":\"https:\/\/cunadelalegion.es\/wp-content\/uploads\/2025\/12\/1.png\",\"contentUrl\":\"https:\/\/cunadelalegion.es\/wp-content\/uploads\/2025\/12\/1.png\",\"width\":600,\"height\":700},{\"@type\":\"BreadcrumbList\",\"@id\":\"https:\/\/cunadelalegion.es\/?page_id=820#breadcrumb\",\"itemListElement\":[{\"@type\":\"ListItem\",\"position\":1,\"name\":\"Home\",\"item\":\"https:\/\/cunadelalegion.es\/\"},{\"@type\":\"ListItem\",\"position\":2,\"name\":\"BARCO-HOTEL BALEARIA\"}]},{\"@type\":\"WebSite\",\"@id\":\"https:\/\/cunadelalegion.es\/#website\",\"url\":\"https:\/\/cunadelalegion.es\/\",\"name\":\"Cuna de La Legi\u00f3n\",\"description\":\"Club Deportivo Tercio Duque de Alba\",\"publisher\":{\"@id\":\"https:\/\/cunadelalegion.es\/#organization\"},\"alternateName\":\"Carrera C\u00edvico Militar Cuna de La Legi\u00f3n\",\"potentialAction\":[{\"@type\":\"SearchAction\",\"target\":{\"@type\":\"EntryPoint\",\"urlTemplate\":\"https:\/\/cunadelalegion.es\/?s={search_term_string}\"},\"query-input\":{\"@type\":\"PropertyValueSpecification\",\"valueRequired\":true,\"valueName\":\"search_term_string\"}}],\"inLanguage\":\"es\"},{\"@type\":\"Organization\",\"@id\":\"https:\/\/cunadelalegion.es\/#organization\",\"name\":\"Cuna de La Legi\u00f3n\",\"alternateName\":\"Carrera C\u00edvio Militar Cuna de La Legi\u00f3n\",\"url\":\"https:\/\/cunadelalegion.es\/\",\"logo\":{\"@type\":\"ImageObject\",\"inLanguage\":\"es\",\"@id\":\"https:\/\/cunadelalegion.es\/#\/schema\/logo\/image\/\",\"url\":\"https:\/\/cunadelalegion.es\/wp-content\/uploads\/2026\/02\/Logo-Cuna-2025-Para-Gorra-COLOR.gif\",\"contentUrl\":\"https:\/\/cunadelalegion.es\/wp-content\/uploads\/2026\/02\/Logo-Cuna-2025-Para-Gorra-COLOR.gif\",\"width\":916,\"height\":1220,\"caption\":\"Cuna de La Legi\u00f3n\"},\"image\":{\"@id\":\"https:\/\/cunadelalegion.es\/#\/schema\/logo\/image\/\"},\"sameAs\":[\"https:\/\/www.facebook.com\/profile.php?id=61567994836494\",\"https:\/\/www.instagram.com\/lacunadelalegion\/?hl=es\"]}]}<\/script>\n<!-- \/ Yoast SEO plugin. -->","yoast_head_json":{"title":"BARCO-HOTEL BALEARIA - Cuna de La Legi\u00f3n","robots":{"index":"index","follow":"follow","max-snippet":"max-snippet:-1","max-image-preview":"max-image-preview:large","max-video-preview":"max-video-preview:-1"},"canonical":"https:\/\/cunadelalegion.es\/?page_id=820","og_locale":"es_ES","og_type":"article","og_title":"BARCO-HOTEL BALEARIA - Cuna de La Legi\u00f3n","og_description":"BALEARIA va a poner un servicio especial de&nbsp;ferry M\u00e1laga-Ceuta, donde adem\u00e1s de ofertar hacer la traves\u00eda desde M\u00e1laga, nuestro barco&nbsp;Regina B\u00e1ltica&nbsp;ser\u00e1 un hotel desde el 6 al 8 de mayo. Este servicio ser\u00e1 tanto para pasajeros de la ruta M\u00e1laga-Ceuta que reserven viajar ida y vuelta en acomodaci\u00f3n camarote, as\u00ed como cualquier interesado en el [&hellip;]","og_url":"https:\/\/cunadelalegion.es\/?page_id=820","og_site_name":"Cuna de La Legi\u00f3n","article_publisher":"https:\/\/www.facebook.com\/profile.php?id=61567994836494","article_modified_time":"2025-12-17T19:53:16+00:00","og_image":[{"width":600,"height":700,"url":"https:\/\/cunadelalegion.es\/wp-content\/uploads\/2025\/12\/1.png","type":"image\/png"}],"twitter_card":"summary_large_image","twitter_misc":{"Tiempo de lectura":"1 minuto"},"schema":{"@context":"https:\/\/schema.org","@graph":[{"@type":"WebPage","@id":"https:\/\/cunadelalegion.es\/?page_id=820","url":"https:\/\/cunadelalegion.es\/?page_id=820","name":"BARCO-HOTEL BALEARIA - Cuna de La Legi\u00f3n","isPartOf":{"@id":"https:\/\/cunadelalegion.es\/#website"},"primaryImageOfPage":{"@id":"https:\/\/cunadelalegion.es\/?page_id=820#primaryimage"},"image":{"@id":"https:\/\/cunadelalegion.es\/?page_id=820#primaryimage"},"thumbnailUrl":"http:\/\/cunadelalegion.es\/wp-content\/uploads\/2025\/12\/1.png","datePublished":"2025-12-17T19:33:11+00:00","dateModified":"2025-12-17T19:53:16+00:00","breadcrumb":{"@id":"https:\/\/cunadelalegion.es\/?page_id=820#breadcrumb"},"inLanguage":"es","potentialAction":[{"@type":"ReadAction","target":["https:\/\/cunadelalegion.es\/?page_id=820"]}]},{"@type":"ImageObject","inLanguage":"es","@id":"https:\/\/cunadelalegion.es\/?page_id=820#primaryimage","url":"https:\/\/cunadelalegion.es\/wp-content\/uploads\/2025\/12\/1.png","contentUrl":"https:\/\/cunadelalegion.es\/wp-content\/uploads\/2025\/12\/1.png","width":600,"height":700},{"@type":"BreadcrumbList","@id":"https:\/\/cunadelalegion.es\/?page_id=820#breadcrumb","itemListElement":[{"@type":"ListItem","position":1,"name":"Home","item":"https:\/\/cunadelalegion.es\/"},{"@type":"ListItem","position":2,"name":"BARCO-HOTEL BALEARIA"}]},{"@type":"WebSite","@id":"https:\/\/cunadelalegion.es\/#website","url":"https:\/\/cunadelalegion.es\/","name":"Cuna de La Legi\u00f3n","description":"Club Deportivo Tercio Duque de Alba","publisher":{"@id":"https:\/\/cunadelalegion.es\/#organization"},"alternateName":"Carrera C\u00edvico Militar Cuna de La Legi\u00f3n","potentialAction":[{"@type":"SearchAction","target":{"@type":"EntryPoint","urlTemplate":"https:\/\/cunadelalegion.es\/?s={search_term_string}"},"query-input":{"@type":"PropertyValueSpecification","valueRequired":true,"valueName":"search_term_string"}}],"inLanguage":"es"},{"@type":"Organization","@id":"https:\/\/cunadelalegion.es\/#organization","name":"Cuna de La Legi\u00f3n","alternateName":"Carrera C\u00edvio Militar Cuna de La Legi\u00f3n","url":"https:\/\/cunadelalegion.es\/","logo":{"@type":"ImageObject","inLanguage":"es","@id":"https:\/\/cunadelalegion.es\/#\/schema\/logo\/image\/","url":"https:\/\/cunadelalegion.es\/wp-content\/uploads\/2026\/02\/Logo-Cuna-2025-Para-Gorra-COLOR.gif","contentUrl":"https:\/\/cunadelalegion.es\/wp-content\/uploads\/2026\/02\/Logo-Cuna-2025-Para-Gorra-COLOR.gif","width":916,"height":1220,"caption":"Cuna de La Legi\u00f3n"},"image":{"@id":"https:\/\/cunadelalegion.es\/#\/schema\/logo\/image\/"},"sameAs":["https:\/\/www.facebook.com\/profile.php?id=61567994836494","https:\/\/www.instagram.com\/lacunadelalegion\/?hl=es"]}]}},"_links":{"self":[{"href":"https:\/\/cunadelalegion.es\/index.php?rest_route=\/wp\/v2\/pages\/820","targetHints":{"allow":["GET"]}}],"collection":[{"href":"https:\/\/cunadelalegion.es\/index.php?rest_route=\/wp\/v2\/pages"}],"about":[{"href":"https:\/\/cunadelalegion.es\/index.php?rest_route=\/wp\/v2\/types\/page"}],"author":[{"embeddable":true,"href":"https:\/\/cunadelalegion.es\/index.php?rest_route=\/wp\/v2\/users\/1"}],"replies":[{"embeddable":true,"href":"https:\/\/cunadelalegion.es\/index.php?rest_route=%2Fwp%2Fv2%2Fcomments&post=820"}],"version-history":[{"count":4,"href":"https:\/\/cunadelalegion.es\/index.php?rest_route=\/wp\/v2\/pages\/820\/revisions"}],"predecessor-version":[{"id":868,"href":"https:\/\/cunadelalegion.es\/index.php?rest_route=\/wp\/v2\/pages\/820\/revisions\/868"}],"wp:attachment":[{"href":"https:\/\/cunadelalegion.es\/index.php?rest_route=%2Fwp%2Fv2%2Fmedia&parent=820"}],"curies":[{"name":"wp","href":"https:\/\/api.w.org\/{rel}","templated":true}]}}