{"id":587,"date":"2025-02-21T18:02:12","date_gmt":"2025-02-21T17:02:12","guid":{"rendered":"https:\/\/cunadelalegion.es\/?page_id=587"},"modified":"2026-02-13T20:12:20","modified_gmt":"2026-02-13T19:12:20","slug":"dorsales-en-ceuta","status":"publish","type":"page","link":"https:\/\/cunadelalegion.es\/?page_id=587","title":{"rendered":"DORSALES EN CEUTA"},"content":{"rendered":"\n<div class=\"wp-block-omnipress-container op-content-container op-block-container__wrapper\" data-type=\"omnipress\/container\"><div class=\"op-container-innerblocks-wrapper alignwide\">\n\n<div class=\"wp-block-omnipress-image op-block op-36c03268 op-block__image has-aspect-ratio hover-image-zoom-in\" data-masks=\"circle\" data-type=\"omnipress\/image\" style=\"--op-img-mask:none\"><figure><img decoding=\"async\" data-mask-position=\"center center\" data-mask-size=\"auto\" data-lazy-load=\"true\" data-mask-repeat=\"no-repeat\" data-size=\"large\" data-src=\"https:\/\/cunadelalegion.es\/wp-content\/uploads\/2025\/11\/boton-peq-inicio-web-3.png\" loading=\"lazy\" title=\"bot\u00f3n peq inicio web\" src=\"\" class=\"op-block__image-img op-block__image-item op-mask op-mask-circle op-mask-size-cover op-mask-position-center op-mask-no-repeat\" alt=\"\"\/><\/figure><\/div>\n\n<\/div><\/div>\n\n\n\n<p><strong>ENTREGA DE DORSALES DE DORSALES X EDICI\u00d3N 2026<\/strong><\/p>\n\n\n\n<p>Seg\u00fan lo establecido en el art\u00edculo 9 del reglamento, la recogida de dorsales se realizar\u00e1 seg\u00fan las siguientes instrucciones.<\/p>\n\n\n\n<p><strong>1.- Lugar y horario.<\/strong><\/p>\n\n\n\n<figure class=\"wp-block-table\"><table class=\"has-fixed-layout\"><tbody><tr><td><strong>Fecha<\/strong><strong><\/strong><\/td><td><strong>Horario<\/strong><strong><\/strong><\/td><td><strong>Lugar<\/strong><strong><\/strong><\/td><\/tr><tr><td>Domingo 1 de marzo<\/td><td>10.30 \u2013 14.00 horas<\/td><td>Puerto de Algeciras<\/td><\/tr><tr><td>Mi\u00e9rcoles 4 de marzo<\/td><td>17.00 \u2013 21.00 horas<\/td><td>Plaza Nelson Mandela<\/td><\/tr><tr><td>Jueves 5 de marzo<\/td><td>17.00 \u2013 21.00 horas<\/td><td>Plaza Nelson Mandela<\/td><\/tr><tr><td>Viernes 6 de marzo<\/td><td>10.00 \u2013 14.30 horas 16.00 \u2013 21.00 horas<\/td><td>Plaza Nelson Mandela<\/td><\/tr><tr><td>S\u00e1bado 7 de marzo<\/td><td>07.30 \u2013 09.00 horas<\/td><td>Estaci\u00f3n Mar\u00edtima Ceuta<\/td><\/tr><\/tbody><\/table><\/figure>\n\n\n\n<p><strong>2.- Instrucciones.<\/strong><\/p>\n\n\n\n<p>El dorsal se entregar\u00e1 al titular de la plaza asignada para la carrera.<\/p>\n\n\n\n<p>Para recoger el dorsal de la prueba habr\u00e1 que presentar el DNI o pasaporte que acredite la identidad del corredor.<\/p>\n\n\n\n<p>Para los menores, deber\u00e1 recoger el dorsal el menor con su DNI o el tutor que le haya apuntado a la prueba con su DNI,<\/p>\n\n\n\n<p>Se podr\u00e1 autorizar a terceras personas a retirar el dorsal, en cuyo caso deber\u00e1n presentar la siguiente documentaci\u00f3n que se quedar\u00e1 en poder de la organizaci\u00f3n de la prueba:<\/p>\n\n\n\n<ul class=\"wp-block-list\">\n<li><a href=\"http:\/\/cunadelalegion.es\/wp-content\/uploads\/2026\/01\/02-Autorizacion-recogida-dorsal-2026.pdf\">Autorizaci\u00f3n<\/a> de retirada de dorsal (formulario anexo) firmada por el titular del dorsal<\/li>\n\n\n\n<li>Fotocopia del DNI del titular del dorsal<\/li>\n\n\n\n<li>Fotocopia del DNI de la persona autorizada<\/li>\n<\/ul>\n\n\n\n<p><strong>3.- Qu\u00e9 debemos recoger.<\/strong><\/p>\n\n\n\n<p>Adem\u00e1s del dorsal de la prueba, que lleva incluido el chip para cronometraje de la misma, cada participante recoger\u00e1:<\/p>\n\n\n\n<ul class=\"wp-block-list\">\n<li>Pasaporte Legionario que deber\u00e1 acompa\u00f1ar al corredor durante toda la prueba.<\/li>\n\n\n\n<li>Vaso del corredor que deber\u00e1 llevarlo durante la prueba para poder recibir l\u00edquidos en los avituallamientos.<\/li>\n\n\n\n<li>Camiseta de recuerdo.<\/li>\n\n\n\n<li>La bolsa del corredor es la que se debe emplear el d\u00eda de la carrera para dejar objetos en la consigna.<\/li>\n<\/ul>\n\n\n\n<figure class=\"wp-block-image aligncenter size-large\"><img loading=\"lazy\" decoding=\"async\" width=\"1024\" height=\"685\" src=\"http:\/\/cunadelalegion.es\/wp-content\/uploads\/2025\/02\/MAPA-SITUACION-PUERTO-DORSALES-SALIDA-META-PABELLON-1024x685.jpg\" alt=\"\" class=\"wp-image-588\" srcset=\"https:\/\/cunadelalegion.es\/wp-content\/uploads\/2025\/02\/MAPA-SITUACION-PUERTO-DORSALES-SALIDA-META-PABELLON-1024x685.jpg 1024w, https:\/\/cunadelalegion.es\/wp-content\/uploads\/2025\/02\/MAPA-SITUACION-PUERTO-DORSALES-SALIDA-META-PABELLON-300x201.jpg 300w, https:\/\/cunadelalegion.es\/wp-content\/uploads\/2025\/02\/MAPA-SITUACION-PUERTO-DORSALES-SALIDA-META-PABELLON-768x514.jpg 768w, https:\/\/cunadelalegion.es\/wp-content\/uploads\/2025\/02\/MAPA-SITUACION-PUERTO-DORSALES-SALIDA-META-PABELLON.jpg 1188w\" sizes=\"auto, (max-width: 1024px) 100vw, 1024px\" \/><\/figure>\n\n\n\n<figure class=\"wp-block-image aligncenter size-large is-resized\"><img loading=\"lazy\" decoding=\"async\" width=\"1024\" height=\"197\" src=\"https:\/\/cunadelalegion.es\/wp-content\/uploads\/2025\/02\/Google_Maps_Logo.svg_-1024x197.png\" alt=\"\" class=\"wp-image-590\" style=\"width:254px;height:auto\" srcset=\"https:\/\/cunadelalegion.es\/wp-content\/uploads\/2025\/02\/Google_Maps_Logo.svg_-1024x197.png 1024w, https:\/\/cunadelalegion.es\/wp-content\/uploads\/2025\/02\/Google_Maps_Logo.svg_-300x58.png 300w, https:\/\/cunadelalegion.es\/wp-content\/uploads\/2025\/02\/Google_Maps_Logo.svg_-768x148.png 768w, https:\/\/cunadelalegion.es\/wp-content\/uploads\/2025\/02\/Google_Maps_Logo.svg_.png 1200w\" sizes=\"auto, (max-width: 1024px) 100vw, 1024px\" \/><\/figure>\n\n\n\n<div class=\"wp-block-buttons is-content-justification-center is-layout-flex wp-container-core-buttons-is-layout-a89b3969 wp-block-buttons-is-layout-flex\">\n<div class=\"wp-block-button\"><a class=\"wp-block-button__link wp-element-button\" href=\"https:\/\/www.google.com\/maps\/place\/35%C2%B053'36.8%22N+5%C2%B019'16.9%22W\/@35.8935633,-5.3233155,512m\/data=!3m2!1e3!4b1!4m4!3m3!8m2!3d35.89356!4d-5.321354?authuser=0&amp;entry=ttu&amp;g_ep=EgoyMDI2MDIxMC4wIKXMDSoASAFQAw%3D%3D\">PUERTO<\/a><\/div>\n\n\n\n<div class=\"wp-block-button\"><a class=\"wp-block-button__link wp-element-button\" href=\"https:\/\/maps.app.goo.gl\/hh2eXhnoKMj34PgY8\" target=\"_blank\" rel=\"noreferrer noopener\">PABELLON<\/a><\/div>\n\n\n\n<div class=\"wp-block-button\"><a class=\"wp-block-button__link wp-element-button\" href=\"https:\/\/maps.app.goo.gl\/9ZHVDZjeCUR2wewb9\" target=\"_blank\" rel=\"noreferrer noopener\">SALIDA\/META<\/a><\/div>\n\n\n\n<div class=\"wp-block-button\"><a class=\"wp-block-button__link wp-element-button\" href=\"https:\/\/maps.app.goo.gl\/DgzL6aR85qhvFFsz8\" target=\"_blank\" rel=\"noreferrer noopener\">PLAZA NELSON M.<\/a><\/div>\n<\/div>\n\n\n\n<p><\/p>\n","protected":false},"excerpt":{"rendered":"<p>ENTREGA DE DORSALES DE DORSALES X EDICI\u00d3N 2026 Seg\u00fan lo establecido en el art\u00edculo 9 del reglamento, la recogida de dorsales se realizar\u00e1 seg\u00fan las siguientes instrucciones. 1.- Lugar y horario. Fecha Horario Lugar Domingo 1 de marzo 10.30 \u2013 14.00 horas Puerto de Algeciras Mi\u00e9rcoles 4 de marzo 17.00 \u2013 21.00 horas Plaza Nelson [&hellip;]<\/p>\n","protected":false},"author":1,"featured_media":0,"parent":0,"menu_order":0,"comment_status":"closed","ping_status":"closed","template":"","meta":{"footnotes":""},"class_list":["post-587","page","type-page","status-publish","hentry"],"yoast_head":"<!-- This site is optimized with the Yoast SEO plugin v27.0 - https:\/\/yoast.com\/product\/yoast-seo-wordpress\/ -->\n<title>DORSALES EN CEUTA - Cuna de La Legi\u00f3n<\/title>\n<meta name=\"robots\" content=\"index, follow, max-snippet:-1, max-image-preview:large, max-video-preview:-1\" \/>\n<link rel=\"canonical\" href=\"https:\/\/cunadelalegion.es\/?page_id=587\" \/>\n<meta property=\"og:locale\" content=\"es_ES\" \/>\n<meta property=\"og:type\" content=\"article\" \/>\n<meta property=\"og:title\" content=\"DORSALES EN CEUTA - Cuna de La Legi\u00f3n\" \/>\n<meta property=\"og:description\" content=\"ENTREGA DE DORSALES DE DORSALES X EDICI\u00d3N 2026 Seg\u00fan lo establecido en el art\u00edculo 9 del reglamento, la recogida de dorsales se realizar\u00e1 seg\u00fan las siguientes instrucciones. 1.- Lugar y horario. Fecha Horario Lugar Domingo 1 de marzo 10.30 \u2013 14.00 horas Puerto de Algeciras Mi\u00e9rcoles 4 de marzo 17.00 \u2013 21.00 horas Plaza Nelson [&hellip;]\" \/>\n<meta property=\"og:url\" content=\"https:\/\/cunadelalegion.es\/?page_id=587\" \/>\n<meta property=\"og:site_name\" content=\"Cuna de La Legi\u00f3n\" \/>\n<meta property=\"article:publisher\" content=\"https:\/\/www.facebook.com\/profile.php?id=61567994836494\" \/>\n<meta property=\"article:modified_time\" content=\"2026-02-13T19:12:20+00:00\" \/>\n<meta property=\"og:image\" content=\"https:\/\/cunadelalegion.es\/wp-content\/uploads\/2025\/11\/boton-peq-inicio-web-3.png\" \/>\n<meta name=\"twitter:card\" content=\"summary_large_image\" \/>\n<meta name=\"twitter:label1\" content=\"Tiempo de lectura\" \/>\n\t<meta name=\"twitter:data1\" content=\"1 minuto\" \/>\n<script type=\"application\/ld+json\" class=\"yoast-schema-graph\">{\"@context\":\"https:\/\/schema.org\",\"@graph\":[{\"@type\":\"WebPage\",\"@id\":\"https:\/\/cunadelalegion.es\/?page_id=587\",\"url\":\"https:\/\/cunadelalegion.es\/?page_id=587\",\"name\":\"DORSALES EN CEUTA - Cuna de La Legi\u00f3n\",\"isPartOf\":{\"@id\":\"https:\/\/cunadelalegion.es\/#website\"},\"primaryImageOfPage\":{\"@id\":\"https:\/\/cunadelalegion.es\/?page_id=587#primaryimage\"},\"image\":{\"@id\":\"https:\/\/cunadelalegion.es\/?page_id=587#primaryimage\"},\"thumbnailUrl\":\"https:\/\/cunadelalegion.es\/wp-content\/uploads\/2025\/11\/boton-peq-inicio-web-3.png\",\"datePublished\":\"2025-02-21T17:02:12+00:00\",\"dateModified\":\"2026-02-13T19:12:20+00:00\",\"breadcrumb\":{\"@id\":\"https:\/\/cunadelalegion.es\/?page_id=587#breadcrumb\"},\"inLanguage\":\"es\",\"potentialAction\":[{\"@type\":\"ReadAction\",\"target\":[\"https:\/\/cunadelalegion.es\/?page_id=587\"]}]},{\"@type\":\"ImageObject\",\"inLanguage\":\"es\",\"@id\":\"https:\/\/cunadelalegion.es\/?page_id=587#primaryimage\",\"url\":\"https:\/\/cunadelalegion.es\/wp-content\/uploads\/2025\/11\/boton-peq-inicio-web-3.png\",\"contentUrl\":\"https:\/\/cunadelalegion.es\/wp-content\/uploads\/2025\/11\/boton-peq-inicio-web-3.png\"},{\"@type\":\"BreadcrumbList\",\"@id\":\"https:\/\/cunadelalegion.es\/?page_id=587#breadcrumb\",\"itemListElement\":[{\"@type\":\"ListItem\",\"position\":1,\"name\":\"Home\",\"item\":\"https:\/\/cunadelalegion.es\/\"},{\"@type\":\"ListItem\",\"position\":2,\"name\":\"DORSALES EN CEUTA\"}]},{\"@type\":\"WebSite\",\"@id\":\"https:\/\/cunadelalegion.es\/#website\",\"url\":\"https:\/\/cunadelalegion.es\/\",\"name\":\"Cuna de La Legi\u00f3n\",\"description\":\"Club Deportivo Tercio Duque de Alba\",\"publisher\":{\"@id\":\"https:\/\/cunadelalegion.es\/#organization\"},\"alternateName\":\"Carrera C\u00edvico Militar Cuna de La Legi\u00f3n\",\"potentialAction\":[{\"@type\":\"SearchAction\",\"target\":{\"@type\":\"EntryPoint\",\"urlTemplate\":\"https:\/\/cunadelalegion.es\/?s={search_term_string}\"},\"query-input\":{\"@type\":\"PropertyValueSpecification\",\"valueRequired\":true,\"valueName\":\"search_term_string\"}}],\"inLanguage\":\"es\"},{\"@type\":\"Organization\",\"@id\":\"https:\/\/cunadelalegion.es\/#organization\",\"name\":\"Cuna de La Legi\u00f3n\",\"alternateName\":\"Carrera C\u00edvio Militar Cuna de La Legi\u00f3n\",\"url\":\"https:\/\/cunadelalegion.es\/\",\"logo\":{\"@type\":\"ImageObject\",\"inLanguage\":\"es\",\"@id\":\"https:\/\/cunadelalegion.es\/#\/schema\/logo\/image\/\",\"url\":\"https:\/\/cunadelalegion.es\/wp-content\/uploads\/2026\/02\/Logo-Cuna-2025-Para-Gorra-COLOR.gif\",\"contentUrl\":\"https:\/\/cunadelalegion.es\/wp-content\/uploads\/2026\/02\/Logo-Cuna-2025-Para-Gorra-COLOR.gif\",\"width\":916,\"height\":1220,\"caption\":\"Cuna de La Legi\u00f3n\"},\"image\":{\"@id\":\"https:\/\/cunadelalegion.es\/#\/schema\/logo\/image\/\"},\"sameAs\":[\"https:\/\/www.facebook.com\/profile.php?id=61567994836494\",\"https:\/\/www.instagram.com\/lacunadelalegion\/?hl=es\"]}]}<\/script>\n<!-- \/ Yoast SEO plugin. -->","yoast_head_json":{"title":"DORSALES EN CEUTA - Cuna de La Legi\u00f3n","robots":{"index":"index","follow":"follow","max-snippet":"max-snippet:-1","max-image-preview":"max-image-preview:large","max-video-preview":"max-video-preview:-1"},"canonical":"https:\/\/cunadelalegion.es\/?page_id=587","og_locale":"es_ES","og_type":"article","og_title":"DORSALES EN CEUTA - Cuna de La Legi\u00f3n","og_description":"ENTREGA DE DORSALES DE DORSALES X EDICI\u00d3N 2026 Seg\u00fan lo establecido en el art\u00edculo 9 del reglamento, la recogida de dorsales se realizar\u00e1 seg\u00fan las siguientes instrucciones. 1.- Lugar y horario. Fecha Horario Lugar Domingo 1 de marzo 10.30 \u2013 14.00 horas Puerto de Algeciras Mi\u00e9rcoles 4 de marzo 17.00 \u2013 21.00 horas Plaza Nelson [&hellip;]","og_url":"https:\/\/cunadelalegion.es\/?page_id=587","og_site_name":"Cuna de La Legi\u00f3n","article_publisher":"https:\/\/www.facebook.com\/profile.php?id=61567994836494","article_modified_time":"2026-02-13T19:12:20+00:00","og_image":[{"url":"https:\/\/cunadelalegion.es\/wp-content\/uploads\/2025\/11\/boton-peq-inicio-web-3.png","type":"","width":"","height":""}],"twitter_card":"summary_large_image","twitter_misc":{"Tiempo de lectura":"1 minuto"},"schema":{"@context":"https:\/\/schema.org","@graph":[{"@type":"WebPage","@id":"https:\/\/cunadelalegion.es\/?page_id=587","url":"https:\/\/cunadelalegion.es\/?page_id=587","name":"DORSALES EN CEUTA - Cuna de La Legi\u00f3n","isPartOf":{"@id":"https:\/\/cunadelalegion.es\/#website"},"primaryImageOfPage":{"@id":"https:\/\/cunadelalegion.es\/?page_id=587#primaryimage"},"image":{"@id":"https:\/\/cunadelalegion.es\/?page_id=587#primaryimage"},"thumbnailUrl":"https:\/\/cunadelalegion.es\/wp-content\/uploads\/2025\/11\/boton-peq-inicio-web-3.png","datePublished":"2025-02-21T17:02:12+00:00","dateModified":"2026-02-13T19:12:20+00:00","breadcrumb":{"@id":"https:\/\/cunadelalegion.es\/?page_id=587#breadcrumb"},"inLanguage":"es","potentialAction":[{"@type":"ReadAction","target":["https:\/\/cunadelalegion.es\/?page_id=587"]}]},{"@type":"ImageObject","inLanguage":"es","@id":"https:\/\/cunadelalegion.es\/?page_id=587#primaryimage","url":"https:\/\/cunadelalegion.es\/wp-content\/uploads\/2025\/11\/boton-peq-inicio-web-3.png","contentUrl":"https:\/\/cunadelalegion.es\/wp-content\/uploads\/2025\/11\/boton-peq-inicio-web-3.png"},{"@type":"BreadcrumbList","@id":"https:\/\/cunadelalegion.es\/?page_id=587#breadcrumb","itemListElement":[{"@type":"ListItem","position":1,"name":"Home","item":"https:\/\/cunadelalegion.es\/"},{"@type":"ListItem","position":2,"name":"DORSALES EN CEUTA"}]},{"@type":"WebSite","@id":"https:\/\/cunadelalegion.es\/#website","url":"https:\/\/cunadelalegion.es\/","name":"Cuna de La Legi\u00f3n","description":"Club Deportivo Tercio Duque de Alba","publisher":{"@id":"https:\/\/cunadelalegion.es\/#organization"},"alternateName":"Carrera C\u00edvico Militar Cuna de La Legi\u00f3n","potentialAction":[{"@type":"SearchAction","target":{"@type":"EntryPoint","urlTemplate":"https:\/\/cunadelalegion.es\/?s={search_term_string}"},"query-input":{"@type":"PropertyValueSpecification","valueRequired":true,"valueName":"search_term_string"}}],"inLanguage":"es"},{"@type":"Organization","@id":"https:\/\/cunadelalegion.es\/#organization","name":"Cuna de La Legi\u00f3n","alternateName":"Carrera C\u00edvio Militar Cuna de La Legi\u00f3n","url":"https:\/\/cunadelalegion.es\/","logo":{"@type":"ImageObject","inLanguage":"es","@id":"https:\/\/cunadelalegion.es\/#\/schema\/logo\/image\/","url":"https:\/\/cunadelalegion.es\/wp-content\/uploads\/2026\/02\/Logo-Cuna-2025-Para-Gorra-COLOR.gif","contentUrl":"https:\/\/cunadelalegion.es\/wp-content\/uploads\/2026\/02\/Logo-Cuna-2025-Para-Gorra-COLOR.gif","width":916,"height":1220,"caption":"Cuna de La Legi\u00f3n"},"image":{"@id":"https:\/\/cunadelalegion.es\/#\/schema\/logo\/image\/"},"sameAs":["https:\/\/www.facebook.com\/profile.php?id=61567994836494","https:\/\/www.instagram.com\/lacunadelalegion\/?hl=es"]}]}},"_links":{"self":[{"href":"https:\/\/cunadelalegion.es\/index.php?rest_route=\/wp\/v2\/pages\/587","targetHints":{"allow":["GET"]}}],"collection":[{"href":"https:\/\/cunadelalegion.es\/index.php?rest_route=\/wp\/v2\/pages"}],"about":[{"href":"https:\/\/cunadelalegion.es\/index.php?rest_route=\/wp\/v2\/types\/page"}],"author":[{"embeddable":true,"href":"https:\/\/cunadelalegion.es\/index.php?rest_route=\/wp\/v2\/users\/1"}],"replies":[{"embeddable":true,"href":"https:\/\/cunadelalegion.es\/index.php?rest_route=%2Fwp%2Fv2%2Fcomments&post=587"}],"version-history":[{"count":13,"href":"https:\/\/cunadelalegion.es\/index.php?rest_route=\/wp\/v2\/pages\/587\/revisions"}],"predecessor-version":[{"id":968,"href":"https:\/\/cunadelalegion.es\/index.php?rest_route=\/wp\/v2\/pages\/587\/revisions\/968"}],"wp:attachment":[{"href":"https:\/\/cunadelalegion.es\/index.php?rest_route=%2Fwp%2Fv2%2Fmedia&parent=587"}],"curies":[{"name":"wp","href":"https:\/\/api.w.org\/{rel}","templated":true}]}}