{"id":280,"date":"2024-02-27T14:50:39","date_gmt":"2024-02-27T13:50:39","guid":{"rendered":"https:\/\/cunadelalegion.es\/?page_id=280"},"modified":"2026-02-03T17:20:49","modified_gmt":"2026-02-03T16:20:49","slug":"duchas","status":"publish","type":"page","link":"https:\/\/cunadelalegion.es\/?page_id=280","title":{"rendered":"Duchas"},"content":{"rendered":"\n<h1 class=\"wp-block-heading has-primary-color has-text-color has-link-color has-superbfont-medium-font-size wp-elements-0b68ea8ca8b483e71492de51817ba446\">Apoyo a la participaci\u00f3n<\/h1>\n\n\n\n<div class=\"wp-block-group is-nowrap is-layout-flex wp-container-core-group-is-layout-6c531013 wp-block-group-is-layout-flex\">\n<div class=\"wp-block-group alignfull is-layout-flow wp-block-group-is-layout-flow\">\n<div class=\"wp-block-group alignfull has-global-padding is-layout-constrained wp-container-core-group-is-layout-ad49eac2 wp-block-group-is-layout-constrained\" style=\"margin-top:0;margin-bottom:0;padding-top:var(--wp--preset--spacing--superbspacing-xxlarge);padding-right:var(--wp--preset--spacing--superbspacing-medium);padding-bottom:var(--wp--preset--spacing--superbspacing-xxlarge);padding-left:var(--wp--preset--spacing--superbspacing-medium)\">\n<div class=\"wp-block-columns alignwide is-layout-flex wp-container-core-columns-is-layout-83cf590f wp-block-columns-is-layout-flex\">\n<div class=\"wp-block-column is-vertically-aligned-center is-layout-flow wp-container-core-column-is-layout-a1628350 wp-block-column-is-layout-flow\" style=\"padding-top:0;padding-right:0;padding-bottom:0;padding-left:0\">\n<div class=\"wp-block-group is-layout-flow wp-container-core-group-is-layout-ff697075 wp-block-group-is-layout-flow\">\n<p class=\"has-superbfont-large-font-size\">Estimados competidores,<\/p>\n\n\n\n<p style=\"font-size:clamp(16.834px, 1.052rem + ((1vw - 3.2px) * 1.042), 26px);\">Les informamos que&nbsp;<strong>las duchas del club nataci\u00f3n<\/strong> <strong>CABALLA<\/strong>&nbsp;est\u00e1n disponibles para su uso despu\u00e9s de la carrera.&nbsp;<strong>Les pedimos que lleven sus propias toallas y art\u00edculos de aseo personal<\/strong>.<\/p>\n<\/div>\n<\/div>\n\n\n\n<div class=\"wp-block-column is-vertically-aligned-center is-layout-flow wp-container-core-column-is-layout-40a2a7e8 wp-block-column-is-layout-flow\" style=\"padding-right:0;padding-bottom:0;padding-left:0\">\n<figure class=\"wp-block-gallery aligncenter has-nested-images columns-default is-cropped wp-block-gallery-1 is-layout-flex wp-block-gallery-is-layout-flex\">\n<figure class=\"wp-block-image size-full has-custom-border\"><a href=\"https:\/\/www.google.com\/maps\/place\/Club+Nataci%C3%B3n+Caballa\/@35.8873312,-5.3181982,231m\/data=!3m2!1e3!4b1!4m6!3m5!1s0xd0ca164775a3b69:0x45325112e8ea2eb9!8m2!3d35.8873312!4d-5.3175545!16s%2Fg%2F1tgwth_6?entry=ttu&amp;g_ep=EgoyMDI2MDEyOC4wIKXMDSoASAFQAw%3D%3D\"><img loading=\"lazy\" decoding=\"async\" width=\"586\" height=\"777\" data-id=\"281\" src=\"https:\/\/cunadelalegion.es\/wp-content\/uploads\/2024\/02\/CABALLA.png\" alt=\"\" class=\"wp-image-281\" style=\"border-radius:20px\" srcset=\"https:\/\/cunadelalegion.es\/wp-content\/uploads\/2024\/02\/CABALLA.png 586w, https:\/\/cunadelalegion.es\/wp-content\/uploads\/2024\/02\/CABALLA-226x300.png 226w\" sizes=\"auto, (max-width: 586px) 100vw, 586px\" \/><\/a><\/figure>\n<\/figure>\n<\/div>\n<\/div>\n\n\n\n<figure class=\"wp-block-image size-large\"><img loading=\"lazy\" decoding=\"async\" width=\"1024\" height=\"596\" src=\"http:\/\/cunadelalegion.es\/wp-content\/uploads\/2026\/02\/SITUACION-DUCHAS-CABALLA-1-1024x596.jpg\" alt=\"\" class=\"wp-image-888\" srcset=\"https:\/\/cunadelalegion.es\/wp-content\/uploads\/2026\/02\/SITUACION-DUCHAS-CABALLA-1-1024x596.jpg 1024w, https:\/\/cunadelalegion.es\/wp-content\/uploads\/2026\/02\/SITUACION-DUCHAS-CABALLA-1-300x175.jpg 300w, https:\/\/cunadelalegion.es\/wp-content\/uploads\/2026\/02\/SITUACION-DUCHAS-CABALLA-1-768x447.jpg 768w, https:\/\/cunadelalegion.es\/wp-content\/uploads\/2026\/02\/SITUACION-DUCHAS-CABALLA-1-1536x895.jpg 1536w, https:\/\/cunadelalegion.es\/wp-content\/uploads\/2026\/02\/SITUACION-DUCHAS-CABALLA-1.jpg 1607w\" sizes=\"auto, (max-width: 1024px) 100vw, 1024px\" \/><\/figure>\n\n\n\n<figure class=\"wp-block-image size-full\"><img loading=\"lazy\" decoding=\"async\" width=\"1009\" height=\"831\" src=\"http:\/\/cunadelalegion.es\/wp-content\/uploads\/2026\/02\/ENTRADA-A-CNCABALLA.jpg\" alt=\"\" class=\"wp-image-889\" srcset=\"https:\/\/cunadelalegion.es\/wp-content\/uploads\/2026\/02\/ENTRADA-A-CNCABALLA.jpg 1009w, https:\/\/cunadelalegion.es\/wp-content\/uploads\/2026\/02\/ENTRADA-A-CNCABALLA-300x247.jpg 300w, https:\/\/cunadelalegion.es\/wp-content\/uploads\/2026\/02\/ENTRADA-A-CNCABALLA-768x633.jpg 768w\" sizes=\"auto, (max-width: 1009px) 100vw, 1009px\" \/><\/figure>\n<\/div>\n<\/div>\n\n\n\n<div class=\"wp-block-group is-nowrap is-layout-flex wp-container-core-group-is-layout-6c531013 wp-block-group-is-layout-flex\">\n<figure style=\"opacity: 0;\" superb-addons-animation=\"bounceIn\" class=\"wp-block-image size-medium\"><a href=\"https:\/\/www.google.com\/maps\/place\/Club+Nataci%C3%B3n+Caballa\/@35.8875331,-5.3178997,3a,75y,164.8h,74.44t\/data=!3m7!1e1!3m5!1swHcHv-fvE26s3aZ61P9gLA!2e0!6shttps:%2F%2Fstreetviewpixels-pa.googleapis.com%2Fv1%2Fthumbnail%3Fcb_client%3Dmaps_sv.tactile%26w%3D900%26h%3D600%26pitch%3D15.561188178304022%26panoid%3DwHcHv-fvE26s3aZ61P9gLA%26yaw%3D164.79911206525688!7i16384!8i8192!4m14!1m7!3m6!1s0xd0ca164775a3b69:0x45325112e8ea2eb9!2sClub+Nataci%C3%B3n+Caballa!8m2!3d35.8873312!4d-5.3175545!16s%2Fg%2F1tgwth_6!3m5!1s0xd0ca164775a3b69:0x45325112e8ea2eb9!8m2!3d35.8873312!4d-5.3175545!16s%2Fg%2F1tgwth_6?entry=ttu&amp;g_ep=EgoyMDI2MDEyOC4wIKXMDSoASAFQAw%3D%3D\"><img loading=\"lazy\" decoding=\"async\" width=\"256\" height=\"300\" src=\"https:\/\/cunadelalegion.es\/wp-content\/uploads\/2026\/02\/Pinche-aqui-256x300.png\" alt=\"\" class=\"wp-image-925\" srcset=\"https:\/\/cunadelalegion.es\/wp-content\/uploads\/2026\/02\/Pinche-aqui-256x300.png 256w, https:\/\/cunadelalegion.es\/wp-content\/uploads\/2026\/02\/Pinche-aqui.png 521w\" sizes=\"auto, (max-width: 256px) 100vw, 256px\" \/><\/a><\/figure>\n<\/div>\n<\/div>\n\n\n\n<p><\/p>\n","protected":false},"excerpt":{"rendered":"<p>Apoyo a la participaci\u00f3n Estimados competidores, Les informamos que&nbsp;las duchas del club nataci\u00f3n CABALLA&nbsp;est\u00e1n disponibles para su uso despu\u00e9s de la carrera.&nbsp;Les pedimos que lleven sus propias toallas y art\u00edculos de aseo personal.<\/p>\n","protected":false},"author":1,"featured_media":0,"parent":0,"menu_order":0,"comment_status":"closed","ping_status":"closed","template":"","meta":{"footnotes":""},"class_list":["post-280","page","type-page","status-publish","hentry"],"yoast_head":"<!-- This site is optimized with the Yoast SEO plugin v27.0 - https:\/\/yoast.com\/product\/yoast-seo-wordpress\/ -->\n<title>Duchas - Cuna de La Legi\u00f3n<\/title>\n<meta name=\"robots\" content=\"index, follow, max-snippet:-1, max-image-preview:large, max-video-preview:-1\" \/>\n<link rel=\"canonical\" href=\"https:\/\/cunadelalegion.es\/?page_id=280\" \/>\n<meta property=\"og:locale\" content=\"es_ES\" \/>\n<meta property=\"og:type\" content=\"article\" \/>\n<meta property=\"og:title\" content=\"Duchas - Cuna de La Legi\u00f3n\" \/>\n<meta property=\"og:description\" content=\"Apoyo a la participaci\u00f3n Estimados competidores, Les informamos que&nbsp;las duchas del club nataci\u00f3n CABALLA&nbsp;est\u00e1n disponibles para su uso despu\u00e9s de la carrera.&nbsp;Les pedimos que lleven sus propias toallas y art\u00edculos de aseo personal.\" \/>\n<meta property=\"og:url\" content=\"https:\/\/cunadelalegion.es\/?page_id=280\" \/>\n<meta property=\"og:site_name\" content=\"Cuna de La Legi\u00f3n\" \/>\n<meta property=\"article:publisher\" content=\"https:\/\/www.facebook.com\/profile.php?id=61567994836494\" \/>\n<meta property=\"article:modified_time\" content=\"2026-02-03T16:20:49+00:00\" \/>\n<meta property=\"og:image\" content=\"https:\/\/cunadelalegion.es\/wp-content\/uploads\/2024\/02\/CABALLA.png\" \/>\n\t<meta property=\"og:image:width\" content=\"586\" \/>\n\t<meta property=\"og:image:height\" content=\"777\" \/>\n\t<meta property=\"og:image:type\" content=\"image\/png\" \/>\n<meta name=\"twitter:card\" content=\"summary_large_image\" \/>\n<script type=\"application\/ld+json\" class=\"yoast-schema-graph\">{\"@context\":\"https:\/\/schema.org\",\"@graph\":[{\"@type\":\"WebPage\",\"@id\":\"https:\/\/cunadelalegion.es\/?page_id=280\",\"url\":\"https:\/\/cunadelalegion.es\/?page_id=280\",\"name\":\"Duchas - Cuna de La Legi\u00f3n\",\"isPartOf\":{\"@id\":\"https:\/\/cunadelalegion.es\/#website\"},\"primaryImageOfPage\":{\"@id\":\"https:\/\/cunadelalegion.es\/?page_id=280#primaryimage\"},\"image\":{\"@id\":\"https:\/\/cunadelalegion.es\/?page_id=280#primaryimage\"},\"thumbnailUrl\":\"https:\/\/cunadelalegion.es\/wp-content\/uploads\/2024\/02\/CABALLA.png\",\"datePublished\":\"2024-02-27T13:50:39+00:00\",\"dateModified\":\"2026-02-03T16:20:49+00:00\",\"breadcrumb\":{\"@id\":\"https:\/\/cunadelalegion.es\/?page_id=280#breadcrumb\"},\"inLanguage\":\"es\",\"potentialAction\":[{\"@type\":\"ReadAction\",\"target\":[\"https:\/\/cunadelalegion.es\/?page_id=280\"]}]},{\"@type\":\"ImageObject\",\"inLanguage\":\"es\",\"@id\":\"https:\/\/cunadelalegion.es\/?page_id=280#primaryimage\",\"url\":\"https:\/\/cunadelalegion.es\/wp-content\/uploads\/2024\/02\/CABALLA.png\",\"contentUrl\":\"https:\/\/cunadelalegion.es\/wp-content\/uploads\/2024\/02\/CABALLA.png\",\"width\":586,\"height\":777},{\"@type\":\"BreadcrumbList\",\"@id\":\"https:\/\/cunadelalegion.es\/?page_id=280#breadcrumb\",\"itemListElement\":[{\"@type\":\"ListItem\",\"position\":1,\"name\":\"Home\",\"item\":\"https:\/\/cunadelalegion.es\/\"},{\"@type\":\"ListItem\",\"position\":2,\"name\":\"Duchas\"}]},{\"@type\":\"WebSite\",\"@id\":\"https:\/\/cunadelalegion.es\/#website\",\"url\":\"https:\/\/cunadelalegion.es\/\",\"name\":\"Cuna de La Legi\u00f3n\",\"description\":\"Club Deportivo Tercio Duque de Alba\",\"publisher\":{\"@id\":\"https:\/\/cunadelalegion.es\/#organization\"},\"alternateName\":\"Carrera C\u00edvico Militar Cuna de La Legi\u00f3n\",\"potentialAction\":[{\"@type\":\"SearchAction\",\"target\":{\"@type\":\"EntryPoint\",\"urlTemplate\":\"https:\/\/cunadelalegion.es\/?s={search_term_string}\"},\"query-input\":{\"@type\":\"PropertyValueSpecification\",\"valueRequired\":true,\"valueName\":\"search_term_string\"}}],\"inLanguage\":\"es\"},{\"@type\":\"Organization\",\"@id\":\"https:\/\/cunadelalegion.es\/#organization\",\"name\":\"Cuna de La Legi\u00f3n\",\"alternateName\":\"Carrera C\u00edvio Militar Cuna de La Legi\u00f3n\",\"url\":\"https:\/\/cunadelalegion.es\/\",\"logo\":{\"@type\":\"ImageObject\",\"inLanguage\":\"es\",\"@id\":\"https:\/\/cunadelalegion.es\/#\/schema\/logo\/image\/\",\"url\":\"https:\/\/cunadelalegion.es\/wp-content\/uploads\/2026\/02\/Logo-Cuna-2025-Para-Gorra-COLOR.gif\",\"contentUrl\":\"https:\/\/cunadelalegion.es\/wp-content\/uploads\/2026\/02\/Logo-Cuna-2025-Para-Gorra-COLOR.gif\",\"width\":916,\"height\":1220,\"caption\":\"Cuna de La Legi\u00f3n\"},\"image\":{\"@id\":\"https:\/\/cunadelalegion.es\/#\/schema\/logo\/image\/\"},\"sameAs\":[\"https:\/\/www.facebook.com\/profile.php?id=61567994836494\",\"https:\/\/www.instagram.com\/lacunadelalegion\/?hl=es\"]}]}<\/script>\n<!-- \/ Yoast SEO plugin. -->","yoast_head_json":{"title":"Duchas - Cuna de La Legi\u00f3n","robots":{"index":"index","follow":"follow","max-snippet":"max-snippet:-1","max-image-preview":"max-image-preview:large","max-video-preview":"max-video-preview:-1"},"canonical":"https:\/\/cunadelalegion.es\/?page_id=280","og_locale":"es_ES","og_type":"article","og_title":"Duchas - Cuna de La Legi\u00f3n","og_description":"Apoyo a la participaci\u00f3n Estimados competidores, Les informamos que&nbsp;las duchas del club nataci\u00f3n CABALLA&nbsp;est\u00e1n disponibles para su uso despu\u00e9s de la carrera.&nbsp;Les pedimos que lleven sus propias toallas y art\u00edculos de aseo personal.","og_url":"https:\/\/cunadelalegion.es\/?page_id=280","og_site_name":"Cuna de La Legi\u00f3n","article_publisher":"https:\/\/www.facebook.com\/profile.php?id=61567994836494","article_modified_time":"2026-02-03T16:20:49+00:00","og_image":[{"width":586,"height":777,"url":"https:\/\/cunadelalegion.es\/wp-content\/uploads\/2024\/02\/CABALLA.png","type":"image\/png"}],"twitter_card":"summary_large_image","schema":{"@context":"https:\/\/schema.org","@graph":[{"@type":"WebPage","@id":"https:\/\/cunadelalegion.es\/?page_id=280","url":"https:\/\/cunadelalegion.es\/?page_id=280","name":"Duchas - Cuna de La Legi\u00f3n","isPartOf":{"@id":"https:\/\/cunadelalegion.es\/#website"},"primaryImageOfPage":{"@id":"https:\/\/cunadelalegion.es\/?page_id=280#primaryimage"},"image":{"@id":"https:\/\/cunadelalegion.es\/?page_id=280#primaryimage"},"thumbnailUrl":"https:\/\/cunadelalegion.es\/wp-content\/uploads\/2024\/02\/CABALLA.png","datePublished":"2024-02-27T13:50:39+00:00","dateModified":"2026-02-03T16:20:49+00:00","breadcrumb":{"@id":"https:\/\/cunadelalegion.es\/?page_id=280#breadcrumb"},"inLanguage":"es","potentialAction":[{"@type":"ReadAction","target":["https:\/\/cunadelalegion.es\/?page_id=280"]}]},{"@type":"ImageObject","inLanguage":"es","@id":"https:\/\/cunadelalegion.es\/?page_id=280#primaryimage","url":"https:\/\/cunadelalegion.es\/wp-content\/uploads\/2024\/02\/CABALLA.png","contentUrl":"https:\/\/cunadelalegion.es\/wp-content\/uploads\/2024\/02\/CABALLA.png","width":586,"height":777},{"@type":"BreadcrumbList","@id":"https:\/\/cunadelalegion.es\/?page_id=280#breadcrumb","itemListElement":[{"@type":"ListItem","position":1,"name":"Home","item":"https:\/\/cunadelalegion.es\/"},{"@type":"ListItem","position":2,"name":"Duchas"}]},{"@type":"WebSite","@id":"https:\/\/cunadelalegion.es\/#website","url":"https:\/\/cunadelalegion.es\/","name":"Cuna de La Legi\u00f3n","description":"Club Deportivo Tercio Duque de Alba","publisher":{"@id":"https:\/\/cunadelalegion.es\/#organization"},"alternateName":"Carrera C\u00edvico Militar Cuna de La Legi\u00f3n","potentialAction":[{"@type":"SearchAction","target":{"@type":"EntryPoint","urlTemplate":"https:\/\/cunadelalegion.es\/?s={search_term_string}"},"query-input":{"@type":"PropertyValueSpecification","valueRequired":true,"valueName":"search_term_string"}}],"inLanguage":"es"},{"@type":"Organization","@id":"https:\/\/cunadelalegion.es\/#organization","name":"Cuna de La Legi\u00f3n","alternateName":"Carrera C\u00edvio Militar Cuna de La Legi\u00f3n","url":"https:\/\/cunadelalegion.es\/","logo":{"@type":"ImageObject","inLanguage":"es","@id":"https:\/\/cunadelalegion.es\/#\/schema\/logo\/image\/","url":"https:\/\/cunadelalegion.es\/wp-content\/uploads\/2026\/02\/Logo-Cuna-2025-Para-Gorra-COLOR.gif","contentUrl":"https:\/\/cunadelalegion.es\/wp-content\/uploads\/2026\/02\/Logo-Cuna-2025-Para-Gorra-COLOR.gif","width":916,"height":1220,"caption":"Cuna de La Legi\u00f3n"},"image":{"@id":"https:\/\/cunadelalegion.es\/#\/schema\/logo\/image\/"},"sameAs":["https:\/\/www.facebook.com\/profile.php?id=61567994836494","https:\/\/www.instagram.com\/lacunadelalegion\/?hl=es"]}]}},"_links":{"self":[{"href":"https:\/\/cunadelalegion.es\/index.php?rest_route=\/wp\/v2\/pages\/280","targetHints":{"allow":["GET"]}}],"collection":[{"href":"https:\/\/cunadelalegion.es\/index.php?rest_route=\/wp\/v2\/pages"}],"about":[{"href":"https:\/\/cunadelalegion.es\/index.php?rest_route=\/wp\/v2\/types\/page"}],"author":[{"embeddable":true,"href":"https:\/\/cunadelalegion.es\/index.php?rest_route=\/wp\/v2\/users\/1"}],"replies":[{"embeddable":true,"href":"https:\/\/cunadelalegion.es\/index.php?rest_route=%2Fwp%2Fv2%2Fcomments&post=280"}],"version-history":[{"count":16,"href":"https:\/\/cunadelalegion.es\/index.php?rest_route=\/wp\/v2\/pages\/280\/revisions"}],"predecessor-version":[{"id":927,"href":"https:\/\/cunadelalegion.es\/index.php?rest_route=\/wp\/v2\/pages\/280\/revisions\/927"}],"wp:attachment":[{"href":"https:\/\/cunadelalegion.es\/index.php?rest_route=%2Fwp%2Fv2%2Fmedia&parent=280"}],"curies":[{"name":"wp","href":"https:\/\/api.w.org\/{rel}","templated":true}]}}