{"id":192,"date":"2024-02-18T04:03:33","date_gmt":"2024-02-18T03:03:33","guid":{"rendered":"https:\/\/cunadelalegion.es\/?page_id=192"},"modified":"2025-12-18T18:32:17","modified_gmt":"2025-12-18T17:32:17","slug":"dorsales","status":"publish","type":"page","link":"https:\/\/cunadelalegion.es\/?page_id=192","title":{"rendered":"Consulta tu dorsal IX ed. 2025"},"content":{"rendered":"\n<div class=\"wp-block-group has-global-padding is-layout-constrained wp-block-group-is-layout-constrained\"><\/div>\n\n\n\n<div class=\"wp-block-group is-layout-grid wp-container-core-group-is-layout-478b6e6b wp-block-group-is-layout-grid\">\n<figure class=\"wp-block-image size-full wp-container-content-69bc4bdf\"><img loading=\"lazy\" decoding=\"async\" width=\"425\" height=\"198\" src=\"http:\/\/cunadelalegion.es\/wp-content\/uploads\/2025\/02\/50K-3.png\" alt=\"\" class=\"wp-image-526\" srcset=\"https:\/\/cunadelalegion.es\/wp-content\/uploads\/2025\/02\/50K-3.png 425w, https:\/\/cunadelalegion.es\/wp-content\/uploads\/2025\/02\/50K-3-300x140.png 300w\" sizes=\"auto, (max-width: 425px) 100vw, 425px\" \/><\/figure>\n\n\n\n<figure class=\"wp-block-image size-full\"><img loading=\"lazy\" decoding=\"async\" width=\"425\" height=\"198\" src=\"https:\/\/cunadelalegion.es\/wp-content\/uploads\/2025\/02\/20K-5.png\" alt=\"\" class=\"wp-image-527\" srcset=\"https:\/\/cunadelalegion.es\/wp-content\/uploads\/2025\/02\/20K-5.png 425w, https:\/\/cunadelalegion.es\/wp-content\/uploads\/2025\/02\/20K-5-300x140.png 300w\" sizes=\"auto, (max-width: 425px) 100vw, 425px\" \/><\/figure>\n\n\n\n<figure class=\"wp-block-image size-full\"><img loading=\"lazy\" decoding=\"async\" width=\"425\" height=\"198\" src=\"https:\/\/cunadelalegion.es\/wp-content\/uploads\/2025\/02\/MTB-1.png\" alt=\"\" class=\"wp-image-528\" srcset=\"https:\/\/cunadelalegion.es\/wp-content\/uploads\/2025\/02\/MTB-1.png 425w, https:\/\/cunadelalegion.es\/wp-content\/uploads\/2025\/02\/MTB-1-300x140.png 300w\" sizes=\"auto, (max-width: 425px) 100vw, 425px\" \/><\/figure>\n\n\n\n<figure class=\"wp-block-image size-full wp-container-content-70fa0643\"><img loading=\"lazy\" decoding=\"async\" width=\"425\" height=\"198\" src=\"https:\/\/cunadelalegion.es\/wp-content\/uploads\/2025\/02\/JOVEN-1.png\" alt=\"\" class=\"wp-image-529\" srcset=\"https:\/\/cunadelalegion.es\/wp-content\/uploads\/2025\/02\/JOVEN-1.png 425w, https:\/\/cunadelalegion.es\/wp-content\/uploads\/2025\/02\/JOVEN-1-300x140.png 300w\" sizes=\"auto, (max-width: 425px) 100vw, 425px\" \/><\/figure>\n\n\n\n<figure class=\"wp-block-image size-full\"><img loading=\"lazy\" decoding=\"async\" width=\"425\" height=\"198\" src=\"https:\/\/cunadelalegion.es\/wp-content\/uploads\/2025\/02\/BENJAMIN-1.png\" alt=\"\" class=\"wp-image-530\" srcset=\"https:\/\/cunadelalegion.es\/wp-content\/uploads\/2025\/02\/BENJAMIN-1.png 425w, https:\/\/cunadelalegion.es\/wp-content\/uploads\/2025\/02\/BENJAMIN-1-300x140.png 300w\" sizes=\"auto, (max-width: 425px) 100vw, 425px\" \/><\/figure>\n<\/div>\n\n\n\n<h1 class=\"wp-block-heading\">DORSALES EN CEUTA IX ED.<\/h1>\n\n\n\n<p><strong><u>ENTREGA DE DORSALES DE DORSALES.<\/u><\/strong><\/p>\n\n\n\n<p>Seg\u00fan lo establecido en el art\u00edculo 9 del reglamento, la recogida de dorsales se realizar\u00e1 seg\u00fan las siguientes instrucciones.<\/p>\n\n\n\n<p><strong>1.- Lugar y horario.<\/strong><\/p>\n\n\n\n<figure class=\"wp-block-table\"><table class=\"has-fixed-layout\"><tbody><tr><td><strong>Fecha<\/strong><\/td><td><strong>Horario<\/strong><\/td><td><strong>Lugar<\/strong><\/td><\/tr><tr><td>Domingo 23 de febrero 2025<\/td><td>10.00 \u2013 14.00 horas<\/td><td>Puerto de Algeciras<\/td><\/tr><tr><td>Mi\u00e9rcoles 26 de febrero 2025<\/td><td>17.00 \u2013 21.00 horas<\/td><td>Plaza Nelson Mandela<\/td><\/tr><tr><td>Jueves 27 de febrero 2025<\/td><td>17.00 \u2013 21.00 horas<\/td><td>Plaza Nelson Mandela<\/td><\/tr><tr><td>Viernes 28 de febrero 2025<\/td><td>10.00 \u2013 14.30 horas 16.00 \u2013 21.00 horas<\/td><td>Plaza Nelson Mandela<\/td><\/tr><tr><td>S\u00e1bado 1 de marzo 2025<\/td><td>07.30 \u2013 09.30 horas<\/td><td>TBD<\/td><\/tr><\/tbody><\/table><\/figure>\n\n\n\n<p><strong>2.- Instrucciones.<\/strong><\/p>\n\n\n\n<p>El dorsal se entregar\u00e1 al titular de la plaza asignada para la carrera.<\/p>\n\n\n\n<p>Para recoger el dorsal de la prueba habr\u00e1 que presentar el DNI o pasaporte que acreditar la identidad del corredor.<\/p>\n\n\n\n<p>Para los menores, deber\u00e1 recoger el dorsal el menor con su DNI o el tutor que le haya apuntado a la prueba con su DNI,<\/p>\n\n\n\n<p>Se podr\u00e1 autorizar a terceras personas a retirar el dorsal, en cuyo caso deber\u00e1n presentar la siguiente documentaci\u00f3n que se quedar\u00e1 en poder de la organizaci\u00f3n de la prueba:<\/p>\n\n\n\n<ul class=\"wp-block-list\">\n<li><a href=\"http:\/\/cunadelalegion.es\/wp-content\/uploads\/2025\/02\/02-Autorizacioin-recogida-dorsal-2025-1.pdf\">Autorizaci\u00f3n<\/a>&nbsp;de retirada de dorsal (formulario anexo) firmada por el titular del dorsal<\/li>\n\n\n\n<li>Fotocopia del DNI del titular del dorsal<\/li>\n\n\n\n<li>Fotocopia del DNI de la persona autorizada<\/li>\n<\/ul>\n\n\n\n<p><strong>3.- Que debemos recoger.<\/strong><\/p>\n\n\n\n<p>Adem\u00e1s del dorsal de la prueba, que lleva incluido el chip para cronometraje de la prueba, cada participante recoger\u00e1:<\/p>\n\n\n\n<ul class=\"wp-block-list\">\n<li>Pasaporte Legionario que deber\u00e1 acompa\u00f1ar al corredor durante toda la prueba.<\/li>\n\n\n\n<li>Vaso del corredor que deber\u00e1 llevarlo durante la prueba para poder recibir l\u00edquidos en los avituallamientos.<\/li>\n\n\n\n<li>Camiseta de recuerdo.<\/li>\n\n\n\n<li>La bolsa del corredor que es la que se debe emplear el d\u00eda de la carrera para dejar objetos en la consigna.<\/li>\n<\/ul>\n\n\n\n<figure class=\"wp-block-image alignwide size-large\"><img loading=\"lazy\" decoding=\"async\" width=\"1024\" height=\"685\" src=\"http:\/\/cunadelalegion.es\/wp-content\/uploads\/2025\/02\/MAPA-SITUACION-PUERTO-DORSALES-SALIDA-META-PABELLON-1024x685.jpg\" alt=\"\" class=\"wp-image-588\" srcset=\"https:\/\/cunadelalegion.es\/wp-content\/uploads\/2025\/02\/MAPA-SITUACION-PUERTO-DORSALES-SALIDA-META-PABELLON-1024x685.jpg 1024w, https:\/\/cunadelalegion.es\/wp-content\/uploads\/2025\/02\/MAPA-SITUACION-PUERTO-DORSALES-SALIDA-META-PABELLON-300x201.jpg 300w, https:\/\/cunadelalegion.es\/wp-content\/uploads\/2025\/02\/MAPA-SITUACION-PUERTO-DORSALES-SALIDA-META-PABELLON-768x514.jpg 768w, https:\/\/cunadelalegion.es\/wp-content\/uploads\/2025\/02\/MAPA-SITUACION-PUERTO-DORSALES-SALIDA-META-PABELLON.jpg 1188w\" sizes=\"auto, (max-width: 1024px) 100vw, 1024px\" \/><\/figure>\n\n\n\n<div class=\"wp-block-buttons is-layout-flex wp-block-buttons-is-layout-flex\"><\/div>\n\n\n\n<div class=\"wp-block-buttons alignwide is-content-justification-center is-layout-flex wp-container-core-buttons-is-layout-a89b3969 wp-block-buttons-is-layout-flex\">\n<div class=\"wp-block-button\"><a class=\"wp-block-button__link wp-element-button\">PUERTO<\/a><\/div>\n\n\n\n<div class=\"wp-block-button\"><a class=\"wp-block-button__link wp-element-button\">PABELL\u00d3N<\/a><\/div>\n\n\n\n<div class=\"wp-block-button\"><a class=\"wp-block-button__link wp-element-button\">PABELL\u00d3N<\/a><\/div>\n\n\n\n<div class=\"wp-block-button\"><a class=\"wp-block-button__link wp-element-button\">PABELL\u00d3N<\/a><\/div>\n<\/div>\n\n\n\n<div class=\"wp-block-buttons is-layout-flex wp-block-buttons-is-layout-flex\"><\/div>\n\n\n\n<p><\/p>\n","protected":false},"excerpt":{"rendered":"<p>DORSALES EN CEUTA IX ED. ENTREGA DE DORSALES DE DORSALES. Seg\u00fan lo establecido en el art\u00edculo 9 del reglamento, la recogida de dorsales se realizar\u00e1 seg\u00fan las siguientes instrucciones. 1.- Lugar y horario. Fecha Horario Lugar Domingo 23 de febrero 2025 10.00 \u2013 14.00 horas Puerto de Algeciras Mi\u00e9rcoles 26 de febrero 2025 17.00 \u2013 [&hellip;]<\/p>\n","protected":false},"author":1,"featured_media":0,"parent":0,"menu_order":0,"comment_status":"closed","ping_status":"closed","template":"","meta":{"footnotes":""},"class_list":["post-192","page","type-page","status-publish","hentry"],"yoast_head":"<!-- This site is optimized with the Yoast SEO plugin v27.0 - https:\/\/yoast.com\/product\/yoast-seo-wordpress\/ -->\n<title>Consulta tu dorsal IX ed. 2025 - Cuna de La Legi\u00f3n<\/title>\n<meta name=\"robots\" content=\"index, follow, max-snippet:-1, max-image-preview:large, max-video-preview:-1\" \/>\n<link rel=\"canonical\" href=\"https:\/\/cunadelalegion.es\/?page_id=192\" \/>\n<meta property=\"og:locale\" content=\"es_ES\" \/>\n<meta property=\"og:type\" content=\"article\" \/>\n<meta property=\"og:title\" content=\"Consulta tu dorsal IX ed. 2025 - Cuna de La Legi\u00f3n\" \/>\n<meta property=\"og:description\" content=\"DORSALES EN CEUTA IX ED. ENTREGA DE DORSALES DE DORSALES. Seg\u00fan lo establecido en el art\u00edculo 9 del reglamento, la recogida de dorsales se realizar\u00e1 seg\u00fan las siguientes instrucciones. 1.- Lugar y horario. Fecha Horario Lugar Domingo 23 de febrero 2025 10.00 \u2013 14.00 horas Puerto de Algeciras Mi\u00e9rcoles 26 de febrero 2025 17.00 \u2013 [&hellip;]\" \/>\n<meta property=\"og:url\" content=\"https:\/\/cunadelalegion.es\/?page_id=192\" \/>\n<meta property=\"og:site_name\" content=\"Cuna de La Legi\u00f3n\" \/>\n<meta property=\"article:publisher\" content=\"https:\/\/www.facebook.com\/profile.php?id=61567994836494\" \/>\n<meta property=\"article:modified_time\" content=\"2025-12-18T17:32:17+00:00\" \/>\n<meta property=\"og:image\" content=\"https:\/\/cunadelalegion.es\/wp-content\/uploads\/2025\/02\/50K-3.png\" \/>\n\t<meta property=\"og:image:width\" content=\"425\" \/>\n\t<meta property=\"og:image:height\" content=\"198\" \/>\n\t<meta property=\"og:image:type\" content=\"image\/png\" \/>\n<meta name=\"twitter:card\" content=\"summary_large_image\" \/>\n<meta name=\"twitter:label1\" content=\"Tiempo de lectura\" \/>\n\t<meta name=\"twitter:data1\" content=\"1 minuto\" \/>\n<script type=\"application\/ld+json\" class=\"yoast-schema-graph\">{\"@context\":\"https:\/\/schema.org\",\"@graph\":[{\"@type\":\"WebPage\",\"@id\":\"https:\/\/cunadelalegion.es\/?page_id=192\",\"url\":\"https:\/\/cunadelalegion.es\/?page_id=192\",\"name\":\"Consulta tu dorsal IX ed. 2025 - Cuna de La Legi\u00f3n\",\"isPartOf\":{\"@id\":\"https:\/\/cunadelalegion.es\/#website\"},\"primaryImageOfPage\":{\"@id\":\"https:\/\/cunadelalegion.es\/?page_id=192#primaryimage\"},\"image\":{\"@id\":\"https:\/\/cunadelalegion.es\/?page_id=192#primaryimage\"},\"thumbnailUrl\":\"http:\/\/cunadelalegion.es\/wp-content\/uploads\/2025\/02\/50K-3.png\",\"datePublished\":\"2024-02-18T03:03:33+00:00\",\"dateModified\":\"2025-12-18T17:32:17+00:00\",\"breadcrumb\":{\"@id\":\"https:\/\/cunadelalegion.es\/?page_id=192#breadcrumb\"},\"inLanguage\":\"es\",\"potentialAction\":[{\"@type\":\"ReadAction\",\"target\":[\"https:\/\/cunadelalegion.es\/?page_id=192\"]}]},{\"@type\":\"ImageObject\",\"inLanguage\":\"es\",\"@id\":\"https:\/\/cunadelalegion.es\/?page_id=192#primaryimage\",\"url\":\"https:\/\/cunadelalegion.es\/wp-content\/uploads\/2025\/02\/50K-3.png\",\"contentUrl\":\"https:\/\/cunadelalegion.es\/wp-content\/uploads\/2025\/02\/50K-3.png\",\"width\":425,\"height\":198},{\"@type\":\"BreadcrumbList\",\"@id\":\"https:\/\/cunadelalegion.es\/?page_id=192#breadcrumb\",\"itemListElement\":[{\"@type\":\"ListItem\",\"position\":1,\"name\":\"Home\",\"item\":\"https:\/\/cunadelalegion.es\/\"},{\"@type\":\"ListItem\",\"position\":2,\"name\":\"Consulta tu dorsal IX ed. 2025\"}]},{\"@type\":\"WebSite\",\"@id\":\"https:\/\/cunadelalegion.es\/#website\",\"url\":\"https:\/\/cunadelalegion.es\/\",\"name\":\"Cuna de La Legi\u00f3n\",\"description\":\"Club Deportivo Tercio Duque de Alba\",\"publisher\":{\"@id\":\"https:\/\/cunadelalegion.es\/#organization\"},\"alternateName\":\"Carrera C\u00edvico Militar Cuna de La Legi\u00f3n\",\"potentialAction\":[{\"@type\":\"SearchAction\",\"target\":{\"@type\":\"EntryPoint\",\"urlTemplate\":\"https:\/\/cunadelalegion.es\/?s={search_term_string}\"},\"query-input\":{\"@type\":\"PropertyValueSpecification\",\"valueRequired\":true,\"valueName\":\"search_term_string\"}}],\"inLanguage\":\"es\"},{\"@type\":\"Organization\",\"@id\":\"https:\/\/cunadelalegion.es\/#organization\",\"name\":\"Cuna de La Legi\u00f3n\",\"alternateName\":\"Carrera C\u00edvio Militar Cuna de La Legi\u00f3n\",\"url\":\"https:\/\/cunadelalegion.es\/\",\"logo\":{\"@type\":\"ImageObject\",\"inLanguage\":\"es\",\"@id\":\"https:\/\/cunadelalegion.es\/#\/schema\/logo\/image\/\",\"url\":\"https:\/\/cunadelalegion.es\/wp-content\/uploads\/2026\/02\/Logo-Cuna-2025-Para-Gorra-COLOR.gif\",\"contentUrl\":\"https:\/\/cunadelalegion.es\/wp-content\/uploads\/2026\/02\/Logo-Cuna-2025-Para-Gorra-COLOR.gif\",\"width\":916,\"height\":1220,\"caption\":\"Cuna de La Legi\u00f3n\"},\"image\":{\"@id\":\"https:\/\/cunadelalegion.es\/#\/schema\/logo\/image\/\"},\"sameAs\":[\"https:\/\/www.facebook.com\/profile.php?id=61567994836494\",\"https:\/\/www.instagram.com\/lacunadelalegion\/?hl=es\"]}]}<\/script>\n<!-- \/ Yoast SEO plugin. -->","yoast_head_json":{"title":"Consulta tu dorsal IX ed. 2025 - Cuna de La Legi\u00f3n","robots":{"index":"index","follow":"follow","max-snippet":"max-snippet:-1","max-image-preview":"max-image-preview:large","max-video-preview":"max-video-preview:-1"},"canonical":"https:\/\/cunadelalegion.es\/?page_id=192","og_locale":"es_ES","og_type":"article","og_title":"Consulta tu dorsal IX ed. 2025 - Cuna de La Legi\u00f3n","og_description":"DORSALES EN CEUTA IX ED. ENTREGA DE DORSALES DE DORSALES. Seg\u00fan lo establecido en el art\u00edculo 9 del reglamento, la recogida de dorsales se realizar\u00e1 seg\u00fan las siguientes instrucciones. 1.- Lugar y horario. Fecha Horario Lugar Domingo 23 de febrero 2025 10.00 \u2013 14.00 horas Puerto de Algeciras Mi\u00e9rcoles 26 de febrero 2025 17.00 \u2013 [&hellip;]","og_url":"https:\/\/cunadelalegion.es\/?page_id=192","og_site_name":"Cuna de La Legi\u00f3n","article_publisher":"https:\/\/www.facebook.com\/profile.php?id=61567994836494","article_modified_time":"2025-12-18T17:32:17+00:00","og_image":[{"width":425,"height":198,"url":"https:\/\/cunadelalegion.es\/wp-content\/uploads\/2025\/02\/50K-3.png","type":"image\/png"}],"twitter_card":"summary_large_image","twitter_misc":{"Tiempo de lectura":"1 minuto"},"schema":{"@context":"https:\/\/schema.org","@graph":[{"@type":"WebPage","@id":"https:\/\/cunadelalegion.es\/?page_id=192","url":"https:\/\/cunadelalegion.es\/?page_id=192","name":"Consulta tu dorsal IX ed. 2025 - Cuna de La Legi\u00f3n","isPartOf":{"@id":"https:\/\/cunadelalegion.es\/#website"},"primaryImageOfPage":{"@id":"https:\/\/cunadelalegion.es\/?page_id=192#primaryimage"},"image":{"@id":"https:\/\/cunadelalegion.es\/?page_id=192#primaryimage"},"thumbnailUrl":"http:\/\/cunadelalegion.es\/wp-content\/uploads\/2025\/02\/50K-3.png","datePublished":"2024-02-18T03:03:33+00:00","dateModified":"2025-12-18T17:32:17+00:00","breadcrumb":{"@id":"https:\/\/cunadelalegion.es\/?page_id=192#breadcrumb"},"inLanguage":"es","potentialAction":[{"@type":"ReadAction","target":["https:\/\/cunadelalegion.es\/?page_id=192"]}]},{"@type":"ImageObject","inLanguage":"es","@id":"https:\/\/cunadelalegion.es\/?page_id=192#primaryimage","url":"https:\/\/cunadelalegion.es\/wp-content\/uploads\/2025\/02\/50K-3.png","contentUrl":"https:\/\/cunadelalegion.es\/wp-content\/uploads\/2025\/02\/50K-3.png","width":425,"height":198},{"@type":"BreadcrumbList","@id":"https:\/\/cunadelalegion.es\/?page_id=192#breadcrumb","itemListElement":[{"@type":"ListItem","position":1,"name":"Home","item":"https:\/\/cunadelalegion.es\/"},{"@type":"ListItem","position":2,"name":"Consulta tu dorsal IX ed. 2025"}]},{"@type":"WebSite","@id":"https:\/\/cunadelalegion.es\/#website","url":"https:\/\/cunadelalegion.es\/","name":"Cuna de La Legi\u00f3n","description":"Club Deportivo Tercio Duque de Alba","publisher":{"@id":"https:\/\/cunadelalegion.es\/#organization"},"alternateName":"Carrera C\u00edvico Militar Cuna de La Legi\u00f3n","potentialAction":[{"@type":"SearchAction","target":{"@type":"EntryPoint","urlTemplate":"https:\/\/cunadelalegion.es\/?s={search_term_string}"},"query-input":{"@type":"PropertyValueSpecification","valueRequired":true,"valueName":"search_term_string"}}],"inLanguage":"es"},{"@type":"Organization","@id":"https:\/\/cunadelalegion.es\/#organization","name":"Cuna de La Legi\u00f3n","alternateName":"Carrera C\u00edvio Militar Cuna de La Legi\u00f3n","url":"https:\/\/cunadelalegion.es\/","logo":{"@type":"ImageObject","inLanguage":"es","@id":"https:\/\/cunadelalegion.es\/#\/schema\/logo\/image\/","url":"https:\/\/cunadelalegion.es\/wp-content\/uploads\/2026\/02\/Logo-Cuna-2025-Para-Gorra-COLOR.gif","contentUrl":"https:\/\/cunadelalegion.es\/wp-content\/uploads\/2026\/02\/Logo-Cuna-2025-Para-Gorra-COLOR.gif","width":916,"height":1220,"caption":"Cuna de La Legi\u00f3n"},"image":{"@id":"https:\/\/cunadelalegion.es\/#\/schema\/logo\/image\/"},"sameAs":["https:\/\/www.facebook.com\/profile.php?id=61567994836494","https:\/\/www.instagram.com\/lacunadelalegion\/?hl=es"]}]}},"_links":{"self":[{"href":"https:\/\/cunadelalegion.es\/index.php?rest_route=\/wp\/v2\/pages\/192","targetHints":{"allow":["GET"]}}],"collection":[{"href":"https:\/\/cunadelalegion.es\/index.php?rest_route=\/wp\/v2\/pages"}],"about":[{"href":"https:\/\/cunadelalegion.es\/index.php?rest_route=\/wp\/v2\/types\/page"}],"author":[{"embeddable":true,"href":"https:\/\/cunadelalegion.es\/index.php?rest_route=\/wp\/v2\/users\/1"}],"replies":[{"embeddable":true,"href":"https:\/\/cunadelalegion.es\/index.php?rest_route=%2Fwp%2Fv2%2Fcomments&post=192"}],"version-history":[{"count":24,"href":"https:\/\/cunadelalegion.es\/index.php?rest_route=\/wp\/v2\/pages\/192\/revisions"}],"predecessor-version":[{"id":840,"href":"https:\/\/cunadelalegion.es\/index.php?rest_route=\/wp\/v2\/pages\/192\/revisions\/840"}],"wp:attachment":[{"href":"https:\/\/cunadelalegion.es\/index.php?rest_route=%2Fwp%2Fv2%2Fmedia&parent=192"}],"curies":[{"name":"wp","href":"https:\/\/api.w.org\/{rel}","templated":true}]}}