{"id":159,"date":"2024-02-17T10:23:34","date_gmt":"2024-02-17T09:23:34","guid":{"rendered":"https:\/\/cunadelalegion.es\/?page_id=159"},"modified":"2026-02-13T13:36:35","modified_gmt":"2026-02-13T12:36:35","slug":"alojamiento","status":"publish","type":"page","link":"https:\/\/cunadelalegion.es\/?page_id=159","title":{"rendered":"Alojamiento"},"content":{"rendered":"\n<div class=\"wp-block-omnipress-container op-content-container op-block-container__wrapper\" data-type=\"omnipress\/container\"><div class=\"op-container-innerblocks-wrapper alignwide\">\n\n<div class=\"wp-block-omnipress-image op-block op-a0fcd71d op-block__image has-aspect-ratio hover-image-zoom-in\" data-masks=\"circle\" data-type=\"omnipress\/image\" style=\"--op-img-mask:none\"><figure><img decoding=\"async\" data-mask-position=\"center center\" data-mask-size=\"auto\" data-lazy-load=\"true\" data-mask-repeat=\"no-repeat\" data-size=\"large\" data-src=\"https:\/\/cunadelalegion.es\/wp-content\/uploads\/2025\/11\/boton-peq-inicio-web-3.png\" loading=\"lazy\" title=\"bot\u00f3n peq inicio web\" src=\"\" class=\"op-block__image-img op-block__image-item op-mask op-mask-circle op-mask-size-cover op-mask-position-center op-mask-no-repeat\" alt=\"\"\/><\/figure><\/div>\n\n<\/div><\/div>\n\n\n\n<figure class=\"wp-block-image aligncenter size-full is-resized\"><a href=\"https:\/\/cunadelalegion.es\/?page_id=820\"><img loading=\"lazy\" decoding=\"async\" width=\"850\" height=\"85\" src=\"http:\/\/cunadelalegion.es\/wp-content\/uploads\/2025\/12\/barco-hotel-boton-web.png\" alt=\"\" class=\"wp-image-823\" style=\"width:542px;height:auto\" srcset=\"https:\/\/cunadelalegion.es\/wp-content\/uploads\/2025\/12\/barco-hotel-boton-web.png 850w, https:\/\/cunadelalegion.es\/wp-content\/uploads\/2025\/12\/barco-hotel-boton-web-300x30.png 300w, https:\/\/cunadelalegion.es\/wp-content\/uploads\/2025\/12\/barco-hotel-boton-web-768x77.png 768w\" sizes=\"auto, (max-width: 850px) 100vw, 850px\" \/><\/a><\/figure>\n\n\n\n<hr class=\"wp-block-separator has-alpha-channel-opacity\"\/>\n\n\n\n<figure class=\"wp-block-image aligncenter size-large is-resized\"><img loading=\"lazy\" decoding=\"async\" width=\"1024\" height=\"179\" src=\"http:\/\/cunadelalegion.es\/wp-content\/uploads\/2025\/12\/alojamiento-gratuito-1024x179.png\" alt=\"\" class=\"wp-image-809\" style=\"aspect-ratio:5.720675182367974;width:517px;height:auto\" srcset=\"https:\/\/cunadelalegion.es\/wp-content\/uploads\/2025\/12\/alojamiento-gratuito-1024x179.png 1024w, https:\/\/cunadelalegion.es\/wp-content\/uploads\/2025\/12\/alojamiento-gratuito-300x52.png 300w, https:\/\/cunadelalegion.es\/wp-content\/uploads\/2025\/12\/alojamiento-gratuito-768x134.png 768w, https:\/\/cunadelalegion.es\/wp-content\/uploads\/2025\/12\/alojamiento-gratuito.png 1358w\" sizes=\"auto, (max-width: 1024px) 100vw, 1024px\" \/><\/figure>\n\n\n\n<p>&#8211; El corredor, marchador o ciclista <strong>que haya solicitado<\/strong> alojamiento en el proceso de preinscripci\u00f3n, recibir\u00e1 un correo electr\u00f3nico pidiendo confirmaci\u00f3n de la plaza. En caso de no recibirlo el <strong>31 de enero<\/strong>, debe ponerse en contacto a trav\u00e9s del siguiente correo electr\u00f3nico: <a href=\"mailto:cunadelalegion@mde.es\">alojamientocuna@mde.es<\/a>  poniendo en el <strong>asunto<\/strong> del mismo: <strong>\u00abSOLICITUD CONFIRMACI\u00d3N ALOJAMIENTO NO RECIBIDA\u00bb<\/strong>  o al tel\u00e9fono 661490522<\/p>\n\n\n\n<p><\/p>\n\n\n\n<p>&#8211; El alojamiento tanto en el acuartelamiento como en el polideportivo es \u00daNICAMENTE PARA CORREDORES CON PLAZA EN LA PRUEBA. Bajo ning\u00fan concepto se admiten <strong>acompa\u00f1antes<\/strong> ni <strong>menores de edad<\/strong>.<\/p>\n\n\n\n<figure class=\"wp-block-image aligncenter size-full is-resized\"><a href=\"https:\/\/cunadelalegion.es\/?page_id=573\"><img loading=\"lazy\" decoding=\"async\" width=\"363\" height=\"80\" src=\"https:\/\/cunadelalegion.es\/wp-content\/uploads\/2025\/02\/BOTON-CIVIL.png\" alt=\"\" class=\"wp-image-556\" style=\"aspect-ratio:4.537713063844298;width:323px;height:auto\" srcset=\"https:\/\/cunadelalegion.es\/wp-content\/uploads\/2025\/02\/BOTON-CIVIL.png 363w, https:\/\/cunadelalegion.es\/wp-content\/uploads\/2025\/02\/BOTON-CIVIL-300x66.png 300w\" sizes=\"auto, (max-width: 363px) 100vw, 363px\" \/><\/a><\/figure>\n\n\n\n<figure class=\"wp-block-image aligncenter size-full is-resized\"><a href=\"https:\/\/cunadelalegion.es\/?page_id=559\"><img loading=\"lazy\" decoding=\"async\" width=\"363\" height=\"80\" src=\"https:\/\/cunadelalegion.es\/wp-content\/uploads\/2025\/02\/BOTON-MILITAR.png\" alt=\"\" class=\"wp-image-555\" style=\"width:295px;height:auto\" srcset=\"https:\/\/cunadelalegion.es\/wp-content\/uploads\/2025\/02\/BOTON-MILITAR.png 363w, https:\/\/cunadelalegion.es\/wp-content\/uploads\/2025\/02\/BOTON-MILITAR-300x66.png 300w\" sizes=\"auto, (max-width: 363px) 100vw, 363px\" \/><\/a><\/figure>\n\n\n\n<p><\/p>\n","protected":false},"excerpt":{"rendered":"<p>&#8211; El corredor, marchador o ciclista que haya solicitado alojamiento en el proceso de preinscripci\u00f3n, recibir\u00e1 un correo electr\u00f3nico pidiendo confirmaci\u00f3n de la plaza. En caso de no recibirlo el 31 de enero, debe ponerse en contacto a trav\u00e9s del siguiente correo electr\u00f3nico: alojamientocuna@mde.es poniendo en el asunto del mismo: \u00abSOLICITUD CONFIRMACI\u00d3N ALOJAMIENTO NO RECIBIDA\u00bb [&hellip;]<\/p>\n","protected":false},"author":1,"featured_media":0,"parent":0,"menu_order":0,"comment_status":"closed","ping_status":"closed","template":"","meta":{"footnotes":""},"class_list":["post-159","page","type-page","status-publish","hentry"],"yoast_head":"<!-- This site is optimized with the Yoast SEO plugin v27.0 - https:\/\/yoast.com\/product\/yoast-seo-wordpress\/ -->\n<title>Alojamiento - Cuna de La Legi\u00f3n<\/title>\n<meta name=\"robots\" content=\"index, follow, max-snippet:-1, max-image-preview:large, max-video-preview:-1\" \/>\n<link rel=\"canonical\" href=\"https:\/\/cunadelalegion.es\/?page_id=159\" \/>\n<meta property=\"og:locale\" content=\"es_ES\" \/>\n<meta property=\"og:type\" content=\"article\" \/>\n<meta property=\"og:title\" content=\"Alojamiento - Cuna de La Legi\u00f3n\" \/>\n<meta property=\"og:description\" content=\"&#8211; El corredor, marchador o ciclista que haya solicitado alojamiento en el proceso de preinscripci\u00f3n, recibir\u00e1 un correo electr\u00f3nico pidiendo confirmaci\u00f3n de la plaza. En caso de no recibirlo el 31 de enero, debe ponerse en contacto a trav\u00e9s del siguiente correo electr\u00f3nico: alojamientocuna@mde.es poniendo en el asunto del mismo: \u00abSOLICITUD CONFIRMACI\u00d3N ALOJAMIENTO NO RECIBIDA\u00bb [&hellip;]\" \/>\n<meta property=\"og:url\" content=\"https:\/\/cunadelalegion.es\/?page_id=159\" \/>\n<meta property=\"og:site_name\" content=\"Cuna de La Legi\u00f3n\" \/>\n<meta property=\"article:publisher\" content=\"https:\/\/www.facebook.com\/profile.php?id=61567994836494\" \/>\n<meta property=\"article:modified_time\" content=\"2026-02-13T12:36:35+00:00\" \/>\n<meta property=\"og:image\" content=\"https:\/\/cunadelalegion.es\/wp-content\/uploads\/2025\/11\/boton-peq-inicio-web-3.png\" \/>\n<meta name=\"twitter:card\" content=\"summary_large_image\" \/>\n<script type=\"application\/ld+json\" class=\"yoast-schema-graph\">{\"@context\":\"https:\/\/schema.org\",\"@graph\":[{\"@type\":\"WebPage\",\"@id\":\"https:\/\/cunadelalegion.es\/?page_id=159\",\"url\":\"https:\/\/cunadelalegion.es\/?page_id=159\",\"name\":\"Alojamiento - Cuna de La Legi\u00f3n\",\"isPartOf\":{\"@id\":\"https:\/\/cunadelalegion.es\/#website\"},\"primaryImageOfPage\":{\"@id\":\"https:\/\/cunadelalegion.es\/?page_id=159#primaryimage\"},\"image\":{\"@id\":\"https:\/\/cunadelalegion.es\/?page_id=159#primaryimage\"},\"thumbnailUrl\":\"https:\/\/cunadelalegion.es\/wp-content\/uploads\/2025\/11\/boton-peq-inicio-web-3.png\",\"datePublished\":\"2024-02-17T09:23:34+00:00\",\"dateModified\":\"2026-02-13T12:36:35+00:00\",\"breadcrumb\":{\"@id\":\"https:\/\/cunadelalegion.es\/?page_id=159#breadcrumb\"},\"inLanguage\":\"es\",\"potentialAction\":[{\"@type\":\"ReadAction\",\"target\":[\"https:\/\/cunadelalegion.es\/?page_id=159\"]}]},{\"@type\":\"ImageObject\",\"inLanguage\":\"es\",\"@id\":\"https:\/\/cunadelalegion.es\/?page_id=159#primaryimage\",\"url\":\"https:\/\/cunadelalegion.es\/wp-content\/uploads\/2025\/11\/boton-peq-inicio-web-3.png\",\"contentUrl\":\"https:\/\/cunadelalegion.es\/wp-content\/uploads\/2025\/11\/boton-peq-inicio-web-3.png\"},{\"@type\":\"BreadcrumbList\",\"@id\":\"https:\/\/cunadelalegion.es\/?page_id=159#breadcrumb\",\"itemListElement\":[{\"@type\":\"ListItem\",\"position\":1,\"name\":\"Home\",\"item\":\"https:\/\/cunadelalegion.es\/\"},{\"@type\":\"ListItem\",\"position\":2,\"name\":\"Alojamiento\"}]},{\"@type\":\"WebSite\",\"@id\":\"https:\/\/cunadelalegion.es\/#website\",\"url\":\"https:\/\/cunadelalegion.es\/\",\"name\":\"Cuna de La Legi\u00f3n\",\"description\":\"Club Deportivo Tercio Duque de Alba\",\"publisher\":{\"@id\":\"https:\/\/cunadelalegion.es\/#organization\"},\"alternateName\":\"Carrera C\u00edvico Militar Cuna de La Legi\u00f3n\",\"potentialAction\":[{\"@type\":\"SearchAction\",\"target\":{\"@type\":\"EntryPoint\",\"urlTemplate\":\"https:\/\/cunadelalegion.es\/?s={search_term_string}\"},\"query-input\":{\"@type\":\"PropertyValueSpecification\",\"valueRequired\":true,\"valueName\":\"search_term_string\"}}],\"inLanguage\":\"es\"},{\"@type\":\"Organization\",\"@id\":\"https:\/\/cunadelalegion.es\/#organization\",\"name\":\"Cuna de La Legi\u00f3n\",\"alternateName\":\"Carrera C\u00edvio Militar Cuna de La Legi\u00f3n\",\"url\":\"https:\/\/cunadelalegion.es\/\",\"logo\":{\"@type\":\"ImageObject\",\"inLanguage\":\"es\",\"@id\":\"https:\/\/cunadelalegion.es\/#\/schema\/logo\/image\/\",\"url\":\"https:\/\/cunadelalegion.es\/wp-content\/uploads\/2026\/02\/Logo-Cuna-2025-Para-Gorra-COLOR.gif\",\"contentUrl\":\"https:\/\/cunadelalegion.es\/wp-content\/uploads\/2026\/02\/Logo-Cuna-2025-Para-Gorra-COLOR.gif\",\"width\":916,\"height\":1220,\"caption\":\"Cuna de La Legi\u00f3n\"},\"image\":{\"@id\":\"https:\/\/cunadelalegion.es\/#\/schema\/logo\/image\/\"},\"sameAs\":[\"https:\/\/www.facebook.com\/profile.php?id=61567994836494\",\"https:\/\/www.instagram.com\/lacunadelalegion\/?hl=es\"]}]}<\/script>\n<!-- \/ Yoast SEO plugin. -->","yoast_head_json":{"title":"Alojamiento - Cuna de La Legi\u00f3n","robots":{"index":"index","follow":"follow","max-snippet":"max-snippet:-1","max-image-preview":"max-image-preview:large","max-video-preview":"max-video-preview:-1"},"canonical":"https:\/\/cunadelalegion.es\/?page_id=159","og_locale":"es_ES","og_type":"article","og_title":"Alojamiento - Cuna de La Legi\u00f3n","og_description":"&#8211; El corredor, marchador o ciclista que haya solicitado alojamiento en el proceso de preinscripci\u00f3n, recibir\u00e1 un correo electr\u00f3nico pidiendo confirmaci\u00f3n de la plaza. En caso de no recibirlo el 31 de enero, debe ponerse en contacto a trav\u00e9s del siguiente correo electr\u00f3nico: alojamientocuna@mde.es poniendo en el asunto del mismo: \u00abSOLICITUD CONFIRMACI\u00d3N ALOJAMIENTO NO RECIBIDA\u00bb [&hellip;]","og_url":"https:\/\/cunadelalegion.es\/?page_id=159","og_site_name":"Cuna de La Legi\u00f3n","article_publisher":"https:\/\/www.facebook.com\/profile.php?id=61567994836494","article_modified_time":"2026-02-13T12:36:35+00:00","og_image":[{"url":"https:\/\/cunadelalegion.es\/wp-content\/uploads\/2025\/11\/boton-peq-inicio-web-3.png","type":"","width":"","height":""}],"twitter_card":"summary_large_image","schema":{"@context":"https:\/\/schema.org","@graph":[{"@type":"WebPage","@id":"https:\/\/cunadelalegion.es\/?page_id=159","url":"https:\/\/cunadelalegion.es\/?page_id=159","name":"Alojamiento - Cuna de La Legi\u00f3n","isPartOf":{"@id":"https:\/\/cunadelalegion.es\/#website"},"primaryImageOfPage":{"@id":"https:\/\/cunadelalegion.es\/?page_id=159#primaryimage"},"image":{"@id":"https:\/\/cunadelalegion.es\/?page_id=159#primaryimage"},"thumbnailUrl":"https:\/\/cunadelalegion.es\/wp-content\/uploads\/2025\/11\/boton-peq-inicio-web-3.png","datePublished":"2024-02-17T09:23:34+00:00","dateModified":"2026-02-13T12:36:35+00:00","breadcrumb":{"@id":"https:\/\/cunadelalegion.es\/?page_id=159#breadcrumb"},"inLanguage":"es","potentialAction":[{"@type":"ReadAction","target":["https:\/\/cunadelalegion.es\/?page_id=159"]}]},{"@type":"ImageObject","inLanguage":"es","@id":"https:\/\/cunadelalegion.es\/?page_id=159#primaryimage","url":"https:\/\/cunadelalegion.es\/wp-content\/uploads\/2025\/11\/boton-peq-inicio-web-3.png","contentUrl":"https:\/\/cunadelalegion.es\/wp-content\/uploads\/2025\/11\/boton-peq-inicio-web-3.png"},{"@type":"BreadcrumbList","@id":"https:\/\/cunadelalegion.es\/?page_id=159#breadcrumb","itemListElement":[{"@type":"ListItem","position":1,"name":"Home","item":"https:\/\/cunadelalegion.es\/"},{"@type":"ListItem","position":2,"name":"Alojamiento"}]},{"@type":"WebSite","@id":"https:\/\/cunadelalegion.es\/#website","url":"https:\/\/cunadelalegion.es\/","name":"Cuna de La Legi\u00f3n","description":"Club Deportivo Tercio Duque de Alba","publisher":{"@id":"https:\/\/cunadelalegion.es\/#organization"},"alternateName":"Carrera C\u00edvico Militar Cuna de La Legi\u00f3n","potentialAction":[{"@type":"SearchAction","target":{"@type":"EntryPoint","urlTemplate":"https:\/\/cunadelalegion.es\/?s={search_term_string}"},"query-input":{"@type":"PropertyValueSpecification","valueRequired":true,"valueName":"search_term_string"}}],"inLanguage":"es"},{"@type":"Organization","@id":"https:\/\/cunadelalegion.es\/#organization","name":"Cuna de La Legi\u00f3n","alternateName":"Carrera C\u00edvio Militar Cuna de La Legi\u00f3n","url":"https:\/\/cunadelalegion.es\/","logo":{"@type":"ImageObject","inLanguage":"es","@id":"https:\/\/cunadelalegion.es\/#\/schema\/logo\/image\/","url":"https:\/\/cunadelalegion.es\/wp-content\/uploads\/2026\/02\/Logo-Cuna-2025-Para-Gorra-COLOR.gif","contentUrl":"https:\/\/cunadelalegion.es\/wp-content\/uploads\/2026\/02\/Logo-Cuna-2025-Para-Gorra-COLOR.gif","width":916,"height":1220,"caption":"Cuna de La Legi\u00f3n"},"image":{"@id":"https:\/\/cunadelalegion.es\/#\/schema\/logo\/image\/"},"sameAs":["https:\/\/www.facebook.com\/profile.php?id=61567994836494","https:\/\/www.instagram.com\/lacunadelalegion\/?hl=es"]}]}},"_links":{"self":[{"href":"https:\/\/cunadelalegion.es\/index.php?rest_route=\/wp\/v2\/pages\/159","targetHints":{"allow":["GET"]}}],"collection":[{"href":"https:\/\/cunadelalegion.es\/index.php?rest_route=\/wp\/v2\/pages"}],"about":[{"href":"https:\/\/cunadelalegion.es\/index.php?rest_route=\/wp\/v2\/types\/page"}],"author":[{"embeddable":true,"href":"https:\/\/cunadelalegion.es\/index.php?rest_route=\/wp\/v2\/users\/1"}],"replies":[{"embeddable":true,"href":"https:\/\/cunadelalegion.es\/index.php?rest_route=%2Fwp%2Fv2%2Fcomments&post=159"}],"version-history":[{"count":24,"href":"https:\/\/cunadelalegion.es\/index.php?rest_route=\/wp\/v2\/pages\/159\/revisions"}],"predecessor-version":[{"id":964,"href":"https:\/\/cunadelalegion.es\/index.php?rest_route=\/wp\/v2\/pages\/159\/revisions\/964"}],"wp:attachment":[{"href":"https:\/\/cunadelalegion.es\/index.php?rest_route=%2Fwp%2Fv2%2Fmedia&parent=159"}],"curies":[{"name":"wp","href":"https:\/\/api.w.org\/{rel}","templated":true}]}}