{"id":150,"date":"2024-02-17T10:10:54","date_gmt":"2024-02-17T09:10:54","guid":{"rendered":"https:\/\/cunadelalegion.es\/?page_id=150"},"modified":"2025-02-26T10:39:41","modified_gmt":"2025-02-26T09:39:41","slug":"navieras","status":"publish","type":"page","link":"https:\/\/cunadelalegion.es\/?page_id=150","title":{"rendered":"Navieras y Horarios"},"content":{"rendered":"\n<figure class=\"wp-block-image aligncenter size-full\"><img loading=\"lazy\" decoding=\"async\" width=\"471\" height=\"520\" src=\"https:\/\/cunadelalegion.es\/wp-content\/uploads\/2025\/02\/horario-barcos-en-la-web.jpg\" alt=\"\" class=\"wp-image-624\" srcset=\"https:\/\/cunadelalegion.es\/wp-content\/uploads\/2025\/02\/horario-barcos-en-la-web.jpg 471w, https:\/\/cunadelalegion.es\/wp-content\/uploads\/2025\/02\/horario-barcos-en-la-web-272x300.jpg 272w\" sizes=\"auto, (max-width: 471px) 100vw, 471px\" \/><\/figure>\n\n\n\n<div class=\"wp-block-group has-global-padding is-layout-constrained wp-block-group-is-layout-constrained\">\n<div class=\"wp-block-buttons alignwide is-content-justification-center is-layout-flex wp-container-core-buttons-is-layout-a89b3969 wp-block-buttons-is-layout-flex\">\n<div class=\"wp-block-button is-style-outline is-style-outline--1\"><a class=\"wp-block-button__link wp-element-button\" href=\"https:\/\/armastrasmediterranea.com\/\"><img loading=\"lazy\" decoding=\"async\" width=\"340\" height=\"109\" class=\"wp-image-151\" style=\"width: 340px;\" src=\"http:\/\/cunadelalegion.es\/wp-content\/uploads\/2024\/02\/acciona-trasmediterranea-1.png\" alt=\"\" srcset=\"https:\/\/cunadelalegion.es\/wp-content\/uploads\/2024\/02\/acciona-trasmediterranea-1.png 1650w, https:\/\/cunadelalegion.es\/wp-content\/uploads\/2024\/02\/acciona-trasmediterranea-1-300x96.png 300w, https:\/\/cunadelalegion.es\/wp-content\/uploads\/2024\/02\/acciona-trasmediterranea-1-1024x328.png 1024w, https:\/\/cunadelalegion.es\/wp-content\/uploads\/2024\/02\/acciona-trasmediterranea-1-768x246.png 768w, https:\/\/cunadelalegion.es\/wp-content\/uploads\/2024\/02\/acciona-trasmediterranea-1-1536x492.png 1536w\" sizes=\"auto, (max-width: 340px) 100vw, 340px\" \/><\/a><\/div>\n<\/div>\n\n\n\n<h2 class=\"wp-block-heading\"><\/h2>\n<\/div>\n\n\n\n<div class=\"wp-block-group has-global-padding is-layout-constrained wp-block-group-is-layout-constrained\">\n<div class=\"wp-block-buttons is-content-justification-center is-layout-flex wp-container-core-buttons-is-layout-a89b3969 wp-block-buttons-is-layout-flex\">\n<div class=\"wp-block-button is-style-outline is-style-outline--2\"><a class=\"wp-block-button__link wp-element-button\" href=\"https:\/\/www.balearia.com\/es\"><img loading=\"lazy\" decoding=\"async\" width=\"340\" height=\"144\" class=\"wp-image-152\" style=\"width: 340px;\" src=\"http:\/\/cunadelalegion.es\/wp-content\/uploads\/2024\/02\/Balearia_Logo_2-700x297-2.png\" alt=\"\" srcset=\"https:\/\/cunadelalegion.es\/wp-content\/uploads\/2024\/02\/Balearia_Logo_2-700x297-2.png 700w, https:\/\/cunadelalegion.es\/wp-content\/uploads\/2024\/02\/Balearia_Logo_2-700x297-2-300x127.png 300w\" sizes=\"auto, (max-width: 340px) 100vw, 340px\" \/><\/a><\/div>\n<\/div>\n\n\n\n<h2 class=\"wp-block-heading\"><\/h2>\n<\/div>\n\n\n\n<div class=\"wp-block-group has-global-padding is-layout-constrained wp-block-group-is-layout-constrained\">\n<div class=\"wp-block-buttons is-content-justification-center is-layout-flex wp-container-core-buttons-is-layout-a89b3969 wp-block-buttons-is-layout-flex\">\n<div class=\"wp-block-button is-style-outline is-style-outline--3\"><a class=\"wp-block-button__link wp-element-button\" href=\"https:\/\/www.frs.es\/planifica-tu-viaje\/ofertas\/cuna-de-la-legion-2025\"><img loading=\"lazy\" decoding=\"async\" width=\"340\" height=\"137\" class=\"wp-image-153\" style=\"width: 340px;\" src=\"http:\/\/cunadelalegion.es\/wp-content\/uploads\/2024\/02\/FRS_Logo_RED_RGB-1.png\" alt=\"\" srcset=\"https:\/\/cunadelalegion.es\/wp-content\/uploads\/2024\/02\/FRS_Logo_RED_RGB-1.png 3189w, https:\/\/cunadelalegion.es\/wp-content\/uploads\/2024\/02\/FRS_Logo_RED_RGB-1-300x121.png 300w, https:\/\/cunadelalegion.es\/wp-content\/uploads\/2024\/02\/FRS_Logo_RED_RGB-1-1024x413.png 1024w, https:\/\/cunadelalegion.es\/wp-content\/uploads\/2024\/02\/FRS_Logo_RED_RGB-1-768x310.png 768w, https:\/\/cunadelalegion.es\/wp-content\/uploads\/2024\/02\/FRS_Logo_RED_RGB-1-1536x620.png 1536w, https:\/\/cunadelalegion.es\/wp-content\/uploads\/2024\/02\/FRS_Logo_RED_RGB-1-2048x827.png 2048w\" sizes=\"auto, (max-width: 340px) 100vw, 340px\" \/><\/a><\/div>\n<\/div>\n\n\n\n<h2 class=\"wp-block-heading\"><\/h2>\n<\/div>\n\n\n\n<div class=\"wp-block-group alignfull is-layout-flow wp-block-group-is-layout-flow\">\n<div class=\"wp-block-group alignfull has-global-padding is-layout-constrained wp-container-core-group-is-layout-4716c724 wp-block-group-is-layout-constrained\" style=\"margin-top:var(--wp--preset--spacing--superbspacing-small);margin-bottom:var(--wp--preset--spacing--superbspacing-small);padding-top:var(--wp--preset--spacing--superbspacing-xxlarge);padding-right:var(--wp--preset--spacing--superbspacing-small);padding-bottom:var(--wp--preset--spacing--superbspacing-xxlarge);padding-left:var(--wp--preset--spacing--superbspacing-small)\"><\/div>\n<\/div>\n\n\n\n<p><\/p>\n","protected":false},"excerpt":{"rendered":"","protected":false},"author":1,"featured_media":0,"parent":0,"menu_order":0,"comment_status":"closed","ping_status":"closed","template":"","meta":{"footnotes":""},"class_list":["post-150","page","type-page","status-publish","hentry"],"yoast_head":"<!-- This site is optimized with the Yoast SEO plugin v27.0 - https:\/\/yoast.com\/product\/yoast-seo-wordpress\/ -->\n<title>Navieras y Horarios - Cuna de La Legi\u00f3n<\/title>\n<meta name=\"robots\" content=\"index, follow, max-snippet:-1, max-image-preview:large, max-video-preview:-1\" \/>\n<link rel=\"canonical\" href=\"https:\/\/cunadelalegion.es\/?page_id=150\" \/>\n<meta property=\"og:locale\" content=\"es_ES\" \/>\n<meta property=\"og:type\" content=\"article\" \/>\n<meta property=\"og:title\" content=\"Navieras y Horarios - Cuna de La Legi\u00f3n\" \/>\n<meta property=\"og:url\" content=\"https:\/\/cunadelalegion.es\/?page_id=150\" \/>\n<meta property=\"og:site_name\" content=\"Cuna de La Legi\u00f3n\" \/>\n<meta property=\"article:publisher\" content=\"https:\/\/www.facebook.com\/profile.php?id=61567994836494\" \/>\n<meta property=\"article:modified_time\" content=\"2025-02-26T09:39:41+00:00\" \/>\n<meta property=\"og:image\" content=\"https:\/\/cunadelalegion.es\/wp-content\/uploads\/2025\/02\/horario-barcos-en-la-web.jpg\" \/>\n\t<meta property=\"og:image:width\" content=\"471\" \/>\n\t<meta property=\"og:image:height\" content=\"520\" \/>\n\t<meta property=\"og:image:type\" content=\"image\/jpeg\" \/>\n<meta name=\"twitter:card\" content=\"summary_large_image\" \/>\n<script type=\"application\/ld+json\" class=\"yoast-schema-graph\">{\"@context\":\"https:\/\/schema.org\",\"@graph\":[{\"@type\":\"WebPage\",\"@id\":\"https:\/\/cunadelalegion.es\/?page_id=150\",\"url\":\"https:\/\/cunadelalegion.es\/?page_id=150\",\"name\":\"Navieras y Horarios - Cuna de La Legi\u00f3n\",\"isPartOf\":{\"@id\":\"https:\/\/cunadelalegion.es\/#website\"},\"primaryImageOfPage\":{\"@id\":\"https:\/\/cunadelalegion.es\/?page_id=150#primaryimage\"},\"image\":{\"@id\":\"https:\/\/cunadelalegion.es\/?page_id=150#primaryimage\"},\"thumbnailUrl\":\"https:\/\/cunadelalegion.es\/wp-content\/uploads\/2025\/02\/horario-barcos-en-la-web.jpg\",\"datePublished\":\"2024-02-17T09:10:54+00:00\",\"dateModified\":\"2025-02-26T09:39:41+00:00\",\"breadcrumb\":{\"@id\":\"https:\/\/cunadelalegion.es\/?page_id=150#breadcrumb\"},\"inLanguage\":\"es\",\"potentialAction\":[{\"@type\":\"ReadAction\",\"target\":[\"https:\/\/cunadelalegion.es\/?page_id=150\"]}]},{\"@type\":\"ImageObject\",\"inLanguage\":\"es\",\"@id\":\"https:\/\/cunadelalegion.es\/?page_id=150#primaryimage\",\"url\":\"https:\/\/cunadelalegion.es\/wp-content\/uploads\/2025\/02\/horario-barcos-en-la-web.jpg\",\"contentUrl\":\"https:\/\/cunadelalegion.es\/wp-content\/uploads\/2025\/02\/horario-barcos-en-la-web.jpg\",\"width\":471,\"height\":520},{\"@type\":\"BreadcrumbList\",\"@id\":\"https:\/\/cunadelalegion.es\/?page_id=150#breadcrumb\",\"itemListElement\":[{\"@type\":\"ListItem\",\"position\":1,\"name\":\"Home\",\"item\":\"https:\/\/cunadelalegion.es\/\"},{\"@type\":\"ListItem\",\"position\":2,\"name\":\"Navieras y Horarios\"}]},{\"@type\":\"WebSite\",\"@id\":\"https:\/\/cunadelalegion.es\/#website\",\"url\":\"https:\/\/cunadelalegion.es\/\",\"name\":\"Cuna de La Legi\u00f3n\",\"description\":\"Club Deportivo Tercio Duque de Alba\",\"publisher\":{\"@id\":\"https:\/\/cunadelalegion.es\/#organization\"},\"alternateName\":\"Carrera C\u00edvico Militar Cuna de La Legi\u00f3n\",\"potentialAction\":[{\"@type\":\"SearchAction\",\"target\":{\"@type\":\"EntryPoint\",\"urlTemplate\":\"https:\/\/cunadelalegion.es\/?s={search_term_string}\"},\"query-input\":{\"@type\":\"PropertyValueSpecification\",\"valueRequired\":true,\"valueName\":\"search_term_string\"}}],\"inLanguage\":\"es\"},{\"@type\":\"Organization\",\"@id\":\"https:\/\/cunadelalegion.es\/#organization\",\"name\":\"Cuna de La Legi\u00f3n\",\"alternateName\":\"Carrera C\u00edvio Militar Cuna de La Legi\u00f3n\",\"url\":\"https:\/\/cunadelalegion.es\/\",\"logo\":{\"@type\":\"ImageObject\",\"inLanguage\":\"es\",\"@id\":\"https:\/\/cunadelalegion.es\/#\/schema\/logo\/image\/\",\"url\":\"https:\/\/cunadelalegion.es\/wp-content\/uploads\/2026\/02\/Logo-Cuna-2025-Para-Gorra-COLOR.gif\",\"contentUrl\":\"https:\/\/cunadelalegion.es\/wp-content\/uploads\/2026\/02\/Logo-Cuna-2025-Para-Gorra-COLOR.gif\",\"width\":916,\"height\":1220,\"caption\":\"Cuna de La Legi\u00f3n\"},\"image\":{\"@id\":\"https:\/\/cunadelalegion.es\/#\/schema\/logo\/image\/\"},\"sameAs\":[\"https:\/\/www.facebook.com\/profile.php?id=61567994836494\",\"https:\/\/www.instagram.com\/lacunadelalegion\/?hl=es\"]}]}<\/script>\n<!-- \/ Yoast SEO plugin. -->","yoast_head_json":{"title":"Navieras y Horarios - Cuna de La Legi\u00f3n","robots":{"index":"index","follow":"follow","max-snippet":"max-snippet:-1","max-image-preview":"max-image-preview:large","max-video-preview":"max-video-preview:-1"},"canonical":"https:\/\/cunadelalegion.es\/?page_id=150","og_locale":"es_ES","og_type":"article","og_title":"Navieras y Horarios - Cuna de La Legi\u00f3n","og_url":"https:\/\/cunadelalegion.es\/?page_id=150","og_site_name":"Cuna de La Legi\u00f3n","article_publisher":"https:\/\/www.facebook.com\/profile.php?id=61567994836494","article_modified_time":"2025-02-26T09:39:41+00:00","og_image":[{"width":471,"height":520,"url":"https:\/\/cunadelalegion.es\/wp-content\/uploads\/2025\/02\/horario-barcos-en-la-web.jpg","type":"image\/jpeg"}],"twitter_card":"summary_large_image","schema":{"@context":"https:\/\/schema.org","@graph":[{"@type":"WebPage","@id":"https:\/\/cunadelalegion.es\/?page_id=150","url":"https:\/\/cunadelalegion.es\/?page_id=150","name":"Navieras y Horarios - Cuna de La Legi\u00f3n","isPartOf":{"@id":"https:\/\/cunadelalegion.es\/#website"},"primaryImageOfPage":{"@id":"https:\/\/cunadelalegion.es\/?page_id=150#primaryimage"},"image":{"@id":"https:\/\/cunadelalegion.es\/?page_id=150#primaryimage"},"thumbnailUrl":"https:\/\/cunadelalegion.es\/wp-content\/uploads\/2025\/02\/horario-barcos-en-la-web.jpg","datePublished":"2024-02-17T09:10:54+00:00","dateModified":"2025-02-26T09:39:41+00:00","breadcrumb":{"@id":"https:\/\/cunadelalegion.es\/?page_id=150#breadcrumb"},"inLanguage":"es","potentialAction":[{"@type":"ReadAction","target":["https:\/\/cunadelalegion.es\/?page_id=150"]}]},{"@type":"ImageObject","inLanguage":"es","@id":"https:\/\/cunadelalegion.es\/?page_id=150#primaryimage","url":"https:\/\/cunadelalegion.es\/wp-content\/uploads\/2025\/02\/horario-barcos-en-la-web.jpg","contentUrl":"https:\/\/cunadelalegion.es\/wp-content\/uploads\/2025\/02\/horario-barcos-en-la-web.jpg","width":471,"height":520},{"@type":"BreadcrumbList","@id":"https:\/\/cunadelalegion.es\/?page_id=150#breadcrumb","itemListElement":[{"@type":"ListItem","position":1,"name":"Home","item":"https:\/\/cunadelalegion.es\/"},{"@type":"ListItem","position":2,"name":"Navieras y Horarios"}]},{"@type":"WebSite","@id":"https:\/\/cunadelalegion.es\/#website","url":"https:\/\/cunadelalegion.es\/","name":"Cuna de La Legi\u00f3n","description":"Club Deportivo Tercio Duque de Alba","publisher":{"@id":"https:\/\/cunadelalegion.es\/#organization"},"alternateName":"Carrera C\u00edvico Militar Cuna de La Legi\u00f3n","potentialAction":[{"@type":"SearchAction","target":{"@type":"EntryPoint","urlTemplate":"https:\/\/cunadelalegion.es\/?s={search_term_string}"},"query-input":{"@type":"PropertyValueSpecification","valueRequired":true,"valueName":"search_term_string"}}],"inLanguage":"es"},{"@type":"Organization","@id":"https:\/\/cunadelalegion.es\/#organization","name":"Cuna de La Legi\u00f3n","alternateName":"Carrera C\u00edvio Militar Cuna de La Legi\u00f3n","url":"https:\/\/cunadelalegion.es\/","logo":{"@type":"ImageObject","inLanguage":"es","@id":"https:\/\/cunadelalegion.es\/#\/schema\/logo\/image\/","url":"https:\/\/cunadelalegion.es\/wp-content\/uploads\/2026\/02\/Logo-Cuna-2025-Para-Gorra-COLOR.gif","contentUrl":"https:\/\/cunadelalegion.es\/wp-content\/uploads\/2026\/02\/Logo-Cuna-2025-Para-Gorra-COLOR.gif","width":916,"height":1220,"caption":"Cuna de La Legi\u00f3n"},"image":{"@id":"https:\/\/cunadelalegion.es\/#\/schema\/logo\/image\/"},"sameAs":["https:\/\/www.facebook.com\/profile.php?id=61567994836494","https:\/\/www.instagram.com\/lacunadelalegion\/?hl=es"]}]}},"_links":{"self":[{"href":"https:\/\/cunadelalegion.es\/index.php?rest_route=\/wp\/v2\/pages\/150","targetHints":{"allow":["GET"]}}],"collection":[{"href":"https:\/\/cunadelalegion.es\/index.php?rest_route=\/wp\/v2\/pages"}],"about":[{"href":"https:\/\/cunadelalegion.es\/index.php?rest_route=\/wp\/v2\/types\/page"}],"author":[{"embeddable":true,"href":"https:\/\/cunadelalegion.es\/index.php?rest_route=\/wp\/v2\/users\/1"}],"replies":[{"embeddable":true,"href":"https:\/\/cunadelalegion.es\/index.php?rest_route=%2Fwp%2Fv2%2Fcomments&post=150"}],"version-history":[{"count":9,"href":"https:\/\/cunadelalegion.es\/index.php?rest_route=\/wp\/v2\/pages\/150\/revisions"}],"predecessor-version":[{"id":626,"href":"https:\/\/cunadelalegion.es\/index.php?rest_route=\/wp\/v2\/pages\/150\/revisions\/626"}],"wp:attachment":[{"href":"https:\/\/cunadelalegion.es\/index.php?rest_route=%2Fwp%2Fv2%2Fmedia&parent=150"}],"curies":[{"name":"wp","href":"https:\/\/api.w.org\/{rel}","templated":true}]}}