{"id":127,"date":"2024-02-16T13:46:54","date_gmt":"2024-02-16T12:46:54","guid":{"rendered":"https:\/\/cunadelalegion.es\/?page_id=127"},"modified":"2026-03-02T16:03:26","modified_gmt":"2026-03-02T15:03:26","slug":"recorrido","status":"publish","type":"page","link":"https:\/\/cunadelalegion.es\/?page_id=127","title":{"rendered":"Recorridos 2026"},"content":{"rendered":"\n<div class=\"wp-block-omnipress-container op-content-container op-block-container__wrapper\" data-type=\"omnipress\/container\"><div class=\"op-container-innerblocks-wrapper alignwide\">\n\n<div class=\"wp-block-omnipress-image op-block op-34c94281 op-block__image has-aspect-ratio hover-image-zoom-in op_has_animation\" data-masks=\"circle\" data-type=\"omnipress\/image\" style=\"--op-img-mask:none\" data-op-animation=\"animate__slideInDown animate__animated 0s\"><figure><img decoding=\"async\" data-mask-position=\"center center\" data-mask-size=\"auto\" data-lazy-load=\"true\" data-mask-repeat=\"no-repeat\" data-size=\"large\" data-src=\"https:\/\/cunadelalegion.es\/wp-content\/uploads\/2025\/11\/boton-peq-inicio-web-3.png\" loading=\"lazy\" title=\"bot\u00f3n peq inicio web\" src=\"\" class=\"op-block__image-img op-block__image-item op-mask op-mask-circle op-mask-size-cover op-mask-position-center op-mask-no-repeat\" alt=\"\"\/><\/figure><\/div>\n\n<\/div><\/div>\n\n\n\n<figure class=\"wp-block-image aligncenter size-large is-resized\"><img loading=\"lazy\" decoding=\"async\" width=\"1024\" height=\"724\" src=\"https:\/\/cunadelalegion.es\/wp-content\/uploads\/2024\/02\/PLANO-CEUTA-ENTERA-RECORRIDO-CUNA-1024x724.jpg\" alt=\"\" class=\"wp-image-128\" style=\"width:618px;height:auto\" srcset=\"https:\/\/cunadelalegion.es\/wp-content\/uploads\/2024\/02\/PLANO-CEUTA-ENTERA-RECORRIDO-CUNA-1024x724.jpg 1024w, https:\/\/cunadelalegion.es\/wp-content\/uploads\/2024\/02\/PLANO-CEUTA-ENTERA-RECORRIDO-CUNA-300x212.jpg 300w, https:\/\/cunadelalegion.es\/wp-content\/uploads\/2024\/02\/PLANO-CEUTA-ENTERA-RECORRIDO-CUNA-768x543.jpg 768w, https:\/\/cunadelalegion.es\/wp-content\/uploads\/2024\/02\/PLANO-CEUTA-ENTERA-RECORRIDO-CUNA-1536x1086.jpg 1536w, https:\/\/cunadelalegion.es\/wp-content\/uploads\/2024\/02\/PLANO-CEUTA-ENTERA-RECORRIDO-CUNA-2048x1448.jpg 2048w\" sizes=\"auto, (max-width: 1024px) 100vw, 1024px\" \/><\/figure>\n\n\n\n<div class=\"wp-block-buttons is-content-justification-center is-layout-flex wp-container-core-buttons-is-layout-a89b3969 wp-block-buttons-is-layout-flex\">\n<div class=\"wp-block-button\"><a class=\"wp-block-button__link wp-element-button\" href=\"https:\/\/cunadelalegion.es\/wp-content\/uploads\/2024\/02\/PLANO-CEUTA-ENTERA-RECORRIDO-CUNA-1-scaled.jpg\">Descarga Mapa<\/a><\/div>\n<\/div>\n\n\n\n<p><\/p>\n\n\n\n<h1 class=\"wp-block-heading has-text-align-center\"><strong>Recorridos en KMZ, TRK Y GPX<\/strong><\/h1>\n\n\n\n<p class=\"has-text-align-center\"><strong>Recorrido 20 KM<\/strong><\/p>\n\n\n\n<div class=\"wp-block-file aligncenter\"><a id=\"wp-block-file--media-a0fd3929-d596-4cd8-a2a6-452db974b632\" href=\"http:\/\/cunadelalegion.es\/wp-content\/uploads\/2025\/02\/CUNA-IX-CORREDORES-20K-v2.zip\">CUNA X CORREDORES 20K<\/a><a href=\"http:\/\/cunadelalegion.es\/wp-content\/uploads\/2025\/02\/CUNA-IX-CORREDORES-20K-v2.zip\" class=\"wp-block-file__button wp-element-button\" download aria-describedby=\"wp-block-file--media-a0fd3929-d596-4cd8-a2a6-452db974b632\">Descarga<\/a><\/div>\n\n\n\n<p class=\"has-text-align-center\"><strong>Recorrido 50 KM<\/strong><\/p>\n\n\n\n<div class=\"wp-block-file aligncenter\"><a id=\"wp-block-file--media-d28c4489-b5d1-4ae1-85b0-33889b8b391b\" href=\"http:\/\/cunadelalegion.es\/wp-content\/uploads\/2025\/02\/CUNA-IX-CORREDORES-50K-v2.zip\">CUNA X CORREDORES 50K<\/a><a href=\"http:\/\/cunadelalegion.es\/wp-content\/uploads\/2025\/02\/CUNA-IX-CORREDORES-50K-v2.zip\" class=\"wp-block-file__button wp-element-button\" download aria-describedby=\"wp-block-file--media-d28c4489-b5d1-4ae1-85b0-33889b8b391b\">Descarga<\/a><\/div>\n\n\n\n<p class=\"has-text-align-center\"><strong>Recorrido  50 KM<\/strong> (ADAPTADO PARA PERSONAL DISCAPACITADO)<\/p>\n\n\n\n<div class=\"wp-block-file aligncenter\"><a id=\"wp-block-file--media-dd70e823-604f-472e-94a5-d02c6e0addab\" href=\"http:\/\/cunadelalegion.es\/wp-content\/uploads\/2026\/02\/CUNA-ADAPTADA-2026-50K-v3.zip\">CUNA ADAPTADA &#8211; 2026 &#8211; 50K &#8211; v3<\/a><a href=\"http:\/\/cunadelalegion.es\/wp-content\/uploads\/2026\/02\/CUNA-ADAPTADA-2026-50K-v3.zip\" class=\"wp-block-file__button wp-element-button\" download aria-describedby=\"wp-block-file--media-dd70e823-604f-472e-94a5-d02c6e0addab\">Descarga<\/a><\/div>\n\n\n\n<p class=\"has-text-align-center\"><strong>Recorrido MTB<\/strong><\/p>\n\n\n\n<div class=\"wp-block-file aligncenter\"><a id=\"wp-block-file--media-38773c98-50d3-4501-8dc9-eda956047f4b\" href=\"http:\/\/cunadelalegion.es\/wp-content\/uploads\/2025\/02\/CUNA-IX-MTB-2025-v2.zip\">CUNA X MTB 2025 <\/a><a href=\"http:\/\/cunadelalegion.es\/wp-content\/uploads\/2025\/02\/CUNA-IX-MTB-2025-v2.zip\" class=\"wp-block-file__button wp-element-button\" download aria-describedby=\"wp-block-file--media-38773c98-50d3-4501-8dc9-eda956047f4b\">Descarga<\/a><\/div>\n\n\n\n<hr class=\"wp-block-separator has-alpha-channel-opacity\"\/>\n\n\n\n<p class=\"has-text-align-center\"><strong>PERFILES<\/strong><\/p>\n\n\n\n<figure class=\"wp-block-image aligncenter size-large\"><img loading=\"lazy\" decoding=\"async\" width=\"1024\" height=\"532\" src=\"https:\/\/cunadelalegion.es\/wp-content\/uploads\/2026\/03\/PERFIL-50-1024x532.jpeg\" alt=\"\" class=\"wp-image-1086\" srcset=\"https:\/\/cunadelalegion.es\/wp-content\/uploads\/2026\/03\/PERFIL-50-1024x532.jpeg 1024w, https:\/\/cunadelalegion.es\/wp-content\/uploads\/2026\/03\/PERFIL-50-300x156.jpeg 300w, https:\/\/cunadelalegion.es\/wp-content\/uploads\/2026\/03\/PERFIL-50-768x399.jpeg 768w, https:\/\/cunadelalegion.es\/wp-content\/uploads\/2026\/03\/PERFIL-50-1536x799.jpeg 1536w, https:\/\/cunadelalegion.es\/wp-content\/uploads\/2026\/03\/PERFIL-50.jpeg 1600w\" sizes=\"auto, (max-width: 1024px) 100vw, 1024px\" \/><\/figure>\n\n\n\n<figure class=\"wp-block-image aligncenter size-large\"><img loading=\"lazy\" decoding=\"async\" width=\"1024\" height=\"534\" src=\"https:\/\/cunadelalegion.es\/wp-content\/uploads\/2026\/03\/PERFIL-20-1024x534.jpeg\" alt=\"\" class=\"wp-image-1087\" srcset=\"https:\/\/cunadelalegion.es\/wp-content\/uploads\/2026\/03\/PERFIL-20-1024x534.jpeg 1024w, https:\/\/cunadelalegion.es\/wp-content\/uploads\/2026\/03\/PERFIL-20-300x156.jpeg 300w, https:\/\/cunadelalegion.es\/wp-content\/uploads\/2026\/03\/PERFIL-20-768x400.jpeg 768w, https:\/\/cunadelalegion.es\/wp-content\/uploads\/2026\/03\/PERFIL-20-1536x801.jpeg 1536w, https:\/\/cunadelalegion.es\/wp-content\/uploads\/2026\/03\/PERFIL-20.jpeg 1600w\" sizes=\"auto, (max-width: 1024px) 100vw, 1024px\" \/><\/figure>\n\n\n\n<figure class=\"wp-block-image aligncenter size-large\"><img loading=\"lazy\" decoding=\"async\" width=\"1024\" height=\"578\" src=\"https:\/\/cunadelalegion.es\/wp-content\/uploads\/2026\/03\/PERFIL-MTB-1024x578.jpeg\" alt=\"\" class=\"wp-image-1088\" srcset=\"https:\/\/cunadelalegion.es\/wp-content\/uploads\/2026\/03\/PERFIL-MTB-1024x578.jpeg 1024w, https:\/\/cunadelalegion.es\/wp-content\/uploads\/2026\/03\/PERFIL-MTB-300x169.jpeg 300w, https:\/\/cunadelalegion.es\/wp-content\/uploads\/2026\/03\/PERFIL-MTB-768x433.jpeg 768w, https:\/\/cunadelalegion.es\/wp-content\/uploads\/2026\/03\/PERFIL-MTB-1536x867.jpeg 1536w, https:\/\/cunadelalegion.es\/wp-content\/uploads\/2026\/03\/PERFIL-MTB.jpeg 1600w\" sizes=\"auto, (max-width: 1024px) 100vw, 1024px\" \/><\/figure>\n","protected":false},"excerpt":{"rendered":"<p>Recorridos en KMZ, TRK Y GPX Recorrido 20 KM Recorrido 50 KM Recorrido 50 KM (ADAPTADO PARA PERSONAL DISCAPACITADO) Recorrido MTB PERFILES<\/p>\n","protected":false},"author":1,"featured_media":0,"parent":0,"menu_order":0,"comment_status":"closed","ping_status":"closed","template":"","meta":{"footnotes":""},"class_list":["post-127","page","type-page","status-publish","hentry"],"yoast_head":"<!-- This site is optimized with the Yoast SEO plugin v27.0 - https:\/\/yoast.com\/product\/yoast-seo-wordpress\/ -->\n<title>Recorridos 2026 - Cuna de La Legi\u00f3n<\/title>\n<meta name=\"robots\" content=\"index, follow, max-snippet:-1, max-image-preview:large, max-video-preview:-1\" \/>\n<link rel=\"canonical\" href=\"https:\/\/cunadelalegion.es\/?page_id=127\" \/>\n<meta property=\"og:locale\" content=\"es_ES\" \/>\n<meta property=\"og:type\" content=\"article\" \/>\n<meta property=\"og:title\" content=\"Recorridos 2026 - Cuna de La Legi\u00f3n\" \/>\n<meta property=\"og:description\" content=\"Recorridos en KMZ, TRK Y GPX Recorrido 20 KM Recorrido 50 KM Recorrido 50 KM (ADAPTADO PARA PERSONAL DISCAPACITADO) Recorrido MTB PERFILES\" \/>\n<meta property=\"og:url\" content=\"https:\/\/cunadelalegion.es\/?page_id=127\" \/>\n<meta property=\"og:site_name\" content=\"Cuna de La Legi\u00f3n\" \/>\n<meta property=\"article:publisher\" content=\"https:\/\/www.facebook.com\/profile.php?id=61567994836494\" \/>\n<meta property=\"article:modified_time\" content=\"2026-03-02T15:03:26+00:00\" \/>\n<meta property=\"og:image\" content=\"https:\/\/cunadelalegion.es\/wp-content\/uploads\/2025\/11\/boton-peq-inicio-web-3.png\" \/>\n<meta name=\"twitter:card\" content=\"summary_large_image\" \/>\n<meta name=\"twitter:label1\" content=\"Tiempo de lectura\" \/>\n\t<meta name=\"twitter:data1\" content=\"2 minutos\" \/>\n<script type=\"application\/ld+json\" class=\"yoast-schema-graph\">{\"@context\":\"https:\/\/schema.org\",\"@graph\":[{\"@type\":\"WebPage\",\"@id\":\"https:\/\/cunadelalegion.es\/?page_id=127\",\"url\":\"https:\/\/cunadelalegion.es\/?page_id=127\",\"name\":\"Recorridos 2026 - Cuna de La Legi\u00f3n\",\"isPartOf\":{\"@id\":\"https:\/\/cunadelalegion.es\/#website\"},\"primaryImageOfPage\":{\"@id\":\"https:\/\/cunadelalegion.es\/?page_id=127#primaryimage\"},\"image\":{\"@id\":\"https:\/\/cunadelalegion.es\/?page_id=127#primaryimage\"},\"thumbnailUrl\":\"https:\/\/cunadelalegion.es\/wp-content\/uploads\/2025\/11\/boton-peq-inicio-web-3.png\",\"datePublished\":\"2024-02-16T12:46:54+00:00\",\"dateModified\":\"2026-03-02T15:03:26+00:00\",\"breadcrumb\":{\"@id\":\"https:\/\/cunadelalegion.es\/?page_id=127#breadcrumb\"},\"inLanguage\":\"es\",\"potentialAction\":[{\"@type\":\"ReadAction\",\"target\":[\"https:\/\/cunadelalegion.es\/?page_id=127\"]}]},{\"@type\":\"ImageObject\",\"inLanguage\":\"es\",\"@id\":\"https:\/\/cunadelalegion.es\/?page_id=127#primaryimage\",\"url\":\"https:\/\/cunadelalegion.es\/wp-content\/uploads\/2025\/11\/boton-peq-inicio-web-3.png\",\"contentUrl\":\"https:\/\/cunadelalegion.es\/wp-content\/uploads\/2025\/11\/boton-peq-inicio-web-3.png\"},{\"@type\":\"BreadcrumbList\",\"@id\":\"https:\/\/cunadelalegion.es\/?page_id=127#breadcrumb\",\"itemListElement\":[{\"@type\":\"ListItem\",\"position\":1,\"name\":\"Home\",\"item\":\"https:\/\/cunadelalegion.es\/\"},{\"@type\":\"ListItem\",\"position\":2,\"name\":\"Recorridos 2026\"}]},{\"@type\":\"WebSite\",\"@id\":\"https:\/\/cunadelalegion.es\/#website\",\"url\":\"https:\/\/cunadelalegion.es\/\",\"name\":\"Cuna de La Legi\u00f3n\",\"description\":\"Club Deportivo Tercio Duque de Alba\",\"publisher\":{\"@id\":\"https:\/\/cunadelalegion.es\/#organization\"},\"alternateName\":\"Carrera C\u00edvico Militar Cuna de La Legi\u00f3n\",\"potentialAction\":[{\"@type\":\"SearchAction\",\"target\":{\"@type\":\"EntryPoint\",\"urlTemplate\":\"https:\/\/cunadelalegion.es\/?s={search_term_string}\"},\"query-input\":{\"@type\":\"PropertyValueSpecification\",\"valueRequired\":true,\"valueName\":\"search_term_string\"}}],\"inLanguage\":\"es\"},{\"@type\":\"Organization\",\"@id\":\"https:\/\/cunadelalegion.es\/#organization\",\"name\":\"Cuna de La Legi\u00f3n\",\"alternateName\":\"Carrera C\u00edvio Militar Cuna de La Legi\u00f3n\",\"url\":\"https:\/\/cunadelalegion.es\/\",\"logo\":{\"@type\":\"ImageObject\",\"inLanguage\":\"es\",\"@id\":\"https:\/\/cunadelalegion.es\/#\/schema\/logo\/image\/\",\"url\":\"https:\/\/cunadelalegion.es\/wp-content\/uploads\/2026\/02\/Logo-Cuna-2025-Para-Gorra-COLOR.gif\",\"contentUrl\":\"https:\/\/cunadelalegion.es\/wp-content\/uploads\/2026\/02\/Logo-Cuna-2025-Para-Gorra-COLOR.gif\",\"width\":916,\"height\":1220,\"caption\":\"Cuna de La Legi\u00f3n\"},\"image\":{\"@id\":\"https:\/\/cunadelalegion.es\/#\/schema\/logo\/image\/\"},\"sameAs\":[\"https:\/\/www.facebook.com\/profile.php?id=61567994836494\",\"https:\/\/www.instagram.com\/lacunadelalegion\/?hl=es\"]}]}<\/script>\n<!-- \/ Yoast SEO plugin. -->","yoast_head_json":{"title":"Recorridos 2026 - Cuna de La Legi\u00f3n","robots":{"index":"index","follow":"follow","max-snippet":"max-snippet:-1","max-image-preview":"max-image-preview:large","max-video-preview":"max-video-preview:-1"},"canonical":"https:\/\/cunadelalegion.es\/?page_id=127","og_locale":"es_ES","og_type":"article","og_title":"Recorridos 2026 - Cuna de La Legi\u00f3n","og_description":"Recorridos en KMZ, TRK Y GPX Recorrido 20 KM Recorrido 50 KM Recorrido 50 KM (ADAPTADO PARA PERSONAL DISCAPACITADO) Recorrido MTB PERFILES","og_url":"https:\/\/cunadelalegion.es\/?page_id=127","og_site_name":"Cuna de La Legi\u00f3n","article_publisher":"https:\/\/www.facebook.com\/profile.php?id=61567994836494","article_modified_time":"2026-03-02T15:03:26+00:00","og_image":[{"url":"https:\/\/cunadelalegion.es\/wp-content\/uploads\/2025\/11\/boton-peq-inicio-web-3.png","type":"","width":"","height":""}],"twitter_card":"summary_large_image","twitter_misc":{"Tiempo de lectura":"2 minutos"},"schema":{"@context":"https:\/\/schema.org","@graph":[{"@type":"WebPage","@id":"https:\/\/cunadelalegion.es\/?page_id=127","url":"https:\/\/cunadelalegion.es\/?page_id=127","name":"Recorridos 2026 - Cuna de La Legi\u00f3n","isPartOf":{"@id":"https:\/\/cunadelalegion.es\/#website"},"primaryImageOfPage":{"@id":"https:\/\/cunadelalegion.es\/?page_id=127#primaryimage"},"image":{"@id":"https:\/\/cunadelalegion.es\/?page_id=127#primaryimage"},"thumbnailUrl":"https:\/\/cunadelalegion.es\/wp-content\/uploads\/2025\/11\/boton-peq-inicio-web-3.png","datePublished":"2024-02-16T12:46:54+00:00","dateModified":"2026-03-02T15:03:26+00:00","breadcrumb":{"@id":"https:\/\/cunadelalegion.es\/?page_id=127#breadcrumb"},"inLanguage":"es","potentialAction":[{"@type":"ReadAction","target":["https:\/\/cunadelalegion.es\/?page_id=127"]}]},{"@type":"ImageObject","inLanguage":"es","@id":"https:\/\/cunadelalegion.es\/?page_id=127#primaryimage","url":"https:\/\/cunadelalegion.es\/wp-content\/uploads\/2025\/11\/boton-peq-inicio-web-3.png","contentUrl":"https:\/\/cunadelalegion.es\/wp-content\/uploads\/2025\/11\/boton-peq-inicio-web-3.png"},{"@type":"BreadcrumbList","@id":"https:\/\/cunadelalegion.es\/?page_id=127#breadcrumb","itemListElement":[{"@type":"ListItem","position":1,"name":"Home","item":"https:\/\/cunadelalegion.es\/"},{"@type":"ListItem","position":2,"name":"Recorridos 2026"}]},{"@type":"WebSite","@id":"https:\/\/cunadelalegion.es\/#website","url":"https:\/\/cunadelalegion.es\/","name":"Cuna de La Legi\u00f3n","description":"Club Deportivo Tercio Duque de Alba","publisher":{"@id":"https:\/\/cunadelalegion.es\/#organization"},"alternateName":"Carrera C\u00edvico Militar Cuna de La Legi\u00f3n","potentialAction":[{"@type":"SearchAction","target":{"@type":"EntryPoint","urlTemplate":"https:\/\/cunadelalegion.es\/?s={search_term_string}"},"query-input":{"@type":"PropertyValueSpecification","valueRequired":true,"valueName":"search_term_string"}}],"inLanguage":"es"},{"@type":"Organization","@id":"https:\/\/cunadelalegion.es\/#organization","name":"Cuna de La Legi\u00f3n","alternateName":"Carrera C\u00edvio Militar Cuna de La Legi\u00f3n","url":"https:\/\/cunadelalegion.es\/","logo":{"@type":"ImageObject","inLanguage":"es","@id":"https:\/\/cunadelalegion.es\/#\/schema\/logo\/image\/","url":"https:\/\/cunadelalegion.es\/wp-content\/uploads\/2026\/02\/Logo-Cuna-2025-Para-Gorra-COLOR.gif","contentUrl":"https:\/\/cunadelalegion.es\/wp-content\/uploads\/2026\/02\/Logo-Cuna-2025-Para-Gorra-COLOR.gif","width":916,"height":1220,"caption":"Cuna de La Legi\u00f3n"},"image":{"@id":"https:\/\/cunadelalegion.es\/#\/schema\/logo\/image\/"},"sameAs":["https:\/\/www.facebook.com\/profile.php?id=61567994836494","https:\/\/www.instagram.com\/lacunadelalegion\/?hl=es"]}]}},"_links":{"self":[{"href":"https:\/\/cunadelalegion.es\/index.php?rest_route=\/wp\/v2\/pages\/127","targetHints":{"allow":["GET"]}}],"collection":[{"href":"https:\/\/cunadelalegion.es\/index.php?rest_route=\/wp\/v2\/pages"}],"about":[{"href":"https:\/\/cunadelalegion.es\/index.php?rest_route=\/wp\/v2\/types\/page"}],"author":[{"embeddable":true,"href":"https:\/\/cunadelalegion.es\/index.php?rest_route=\/wp\/v2\/users\/1"}],"replies":[{"embeddable":true,"href":"https:\/\/cunadelalegion.es\/index.php?rest_route=%2Fwp%2Fv2%2Fcomments&post=127"}],"version-history":[{"count":23,"href":"https:\/\/cunadelalegion.es\/index.php?rest_route=\/wp\/v2\/pages\/127\/revisions"}],"predecessor-version":[{"id":1089,"href":"https:\/\/cunadelalegion.es\/index.php?rest_route=\/wp\/v2\/pages\/127\/revisions\/1089"}],"wp:attachment":[{"href":"https:\/\/cunadelalegion.es\/index.php?rest_route=%2Fwp%2Fv2%2Fmedia&parent=127"}],"curies":[{"name":"wp","href":"https:\/\/api.w.org\/{rel}","templated":true}]}}