{"id":105,"date":"2024-02-14T15:55:34","date_gmt":"2024-02-14T14:55:34","guid":{"rendered":"https:\/\/cunadelalegion.es\/?page_id=105"},"modified":"2025-12-18T21:40:02","modified_gmt":"2025-12-18T20:40:02","slug":"camiseta","status":"publish","type":"page","link":"https:\/\/cunadelalegion.es\/?page_id=105","title":{"rendered":"Camisetas"},"content":{"rendered":"\n<div class=\"wp-block-omnipress-container op-content-container op-block-container__wrapper\" data-type=\"omnipress\/container\"><div class=\"op-container-innerblocks-wrapper alignwide\">\n\n<div class=\"wp-block-omnipress-image op-block op-f62370ba op-block__image has-aspect-ratio hover-image-zoom-in\" data-masks=\"circle\" data-type=\"omnipress\/image\" style=\"--op-img-mask:none\"><figure><img decoding=\"async\" data-mask-position=\"center center\" data-mask-size=\"auto\" data-lazy-load=\"true\" data-mask-repeat=\"no-repeat\" data-size=\"large\" data-src=\"https:\/\/cunadelalegion.es\/wp-content\/uploads\/2025\/11\/boton-peq-inicio-web-3.png\" loading=\"lazy\" title=\"bot\u00f3n peq inicio web\" src=\"\" class=\"op-block__image-img op-block__image-item op-mask op-mask-circle op-mask-size-cover op-mask-position-center op-mask-no-repeat\" alt=\"\"\/><\/figure><\/div>\n\n<\/div><\/div>\n\n\n\n<div class=\"wp-block-group has-global-padding is-layout-constrained wp-block-group-is-layout-constrained\">\n<h2 class=\"wp-block-heading\"><br><strong>Concurso Dise\u00f1o Camiseta Conmemorativa Oficial 2026<\/strong><\/h2>\n\n\n\n<p class=\"has-text-align-left\">El ganador por segundo a\u00f1o consecutivo es <strong>Javier Denia<\/strong> <\/p>\n<\/div>\n\n\n\n<figure class=\"wp-block-image alignwide size-full\"><a href=\"https:\/\/www.facebook.com\/javier.denia.design\"><img loading=\"lazy\" decoding=\"async\" width=\"1041\" height=\"570\" src=\"http:\/\/cunadelalegion.es\/wp-content\/uploads\/2025\/12\/CAMISETA-CONMEMORATIVA-GANADORA-CONCURSO-X-ED-CUNA.jpg\" alt=\"\" class=\"wp-image-842\" srcset=\"https:\/\/cunadelalegion.es\/wp-content\/uploads\/2025\/12\/CAMISETA-CONMEMORATIVA-GANADORA-CONCURSO-X-ED-CUNA.jpg 1041w, https:\/\/cunadelalegion.es\/wp-content\/uploads\/2025\/12\/CAMISETA-CONMEMORATIVA-GANADORA-CONCURSO-X-ED-CUNA-300x164.jpg 300w, https:\/\/cunadelalegion.es\/wp-content\/uploads\/2025\/12\/CAMISETA-CONMEMORATIVA-GANADORA-CONCURSO-X-ED-CUNA-1024x561.jpg 1024w, https:\/\/cunadelalegion.es\/wp-content\/uploads\/2025\/12\/CAMISETA-CONMEMORATIVA-GANADORA-CONCURSO-X-ED-CUNA-768x421.jpg 768w\" sizes=\"auto, (max-width: 1041px) 100vw, 1041px\" \/><\/a><\/figure>\n\n\n\n<p>Javier Denia es dise\u00f1ador gr\u00e1fico desde hace m\u00e1s de 35 a\u00f1os, trabaja como freelance para distintas empresas del sector gr\u00e1fico y la serigraf\u00eda.<br>Perfil profesional:<br>Se presenta a s\u00ed mismo como emprendedor, dise\u00f1ador y networker con enfoque en la mejora continua. Su trabajo se centra en dise\u00f1o gr\u00e1fico, identidad visual y serigraf\u00eda, ayudando a marcas y emprendedores a dar visibilidad a sus productos.<br>Experiencia laboral:<br>Ha trabajado en distintas empresas relacionadas con el sector creativo y textil.<br>Proyectos destacados:<br>Javier Denia ha creado dise\u00f1os para eventos deportivos de relevancia desde 1992 incluyendo:<br>\u2022 La camiseta oficial de la IX Edici\u00f3n de la Cuna de la Legi\u00f3n, una de las carreras m\u00e1s emblem\u00e1ticas de Ceuta<br>\u2022 Dise\u00f1o integral para el evento 101 Kil\u00f3metros desde 2024<br>Ubicaci\u00f3n:<br>Trabaja desde Marbella como profesional especializado en dise\u00f1o gr\u00e1fico y branding.<br>Su trabajo se enfoca en ayudar a emprendedores y marcas a mejorar su identidad visual y diferenciarse en el mercado a trav\u00e9s del dise\u00f1o creativo<\/p>\n\n\n\n<div style=\"height:100px\" aria-hidden=\"true\" class=\"wp-block-spacer\"><\/div>\n\n\n\n<div style=\"height:100px\" aria-hidden=\"true\" class=\"wp-block-spacer\"><\/div>\n\n\n\n<div class=\"wp-block-buttons is-content-justification-center is-layout-flex wp-container-core-buttons-is-layout-a89b3969 wp-block-buttons-is-layout-flex\">\n<div class=\"wp-block-button\"><a class=\"wp-block-button__link has-text-align-center wp-element-button\" href=\"http:\/\/cunadelalegion.es\/wp-content\/uploads\/2025\/10\/Bases-Camisetas-X-Edicion-Cuna-2026-Def.pdf\">Bases Concurso Dise\u00f1o Camiseta 2026<\/a><\/div>\n<\/div>\n\n\n\n<div style=\"height:301px\" aria-hidden=\"true\" class=\"wp-block-spacer\"><\/div>\n\n\n\n<p><\/p>\n","protected":false},"excerpt":{"rendered":"<p>Concurso Dise\u00f1o Camiseta Conmemorativa Oficial 2026 El ganador por segundo a\u00f1o consecutivo es Javier Denia Javier Denia es dise\u00f1ador gr\u00e1fico desde hace m\u00e1s de 35 a\u00f1os, trabaja como freelance para distintas empresas del sector gr\u00e1fico y la serigraf\u00eda.Perfil profesional:Se presenta a s\u00ed mismo como emprendedor, dise\u00f1ador y networker con enfoque en la mejora continua. Su [&hellip;]<\/p>\n","protected":false},"author":1,"featured_media":0,"parent":0,"menu_order":0,"comment_status":"closed","ping_status":"closed","template":"","meta":{"footnotes":""},"class_list":["post-105","page","type-page","status-publish","hentry"],"yoast_head":"<!-- This site is optimized with the Yoast SEO plugin v27.0 - https:\/\/yoast.com\/product\/yoast-seo-wordpress\/ -->\n<title>Camisetas - Cuna de La Legi\u00f3n<\/title>\n<meta name=\"robots\" content=\"index, follow, max-snippet:-1, max-image-preview:large, max-video-preview:-1\" \/>\n<link rel=\"canonical\" href=\"https:\/\/cunadelalegion.es\/?page_id=105\" \/>\n<meta property=\"og:locale\" content=\"es_ES\" \/>\n<meta property=\"og:type\" content=\"article\" \/>\n<meta property=\"og:title\" content=\"Camisetas - Cuna de La Legi\u00f3n\" \/>\n<meta property=\"og:description\" content=\"Concurso Dise\u00f1o Camiseta Conmemorativa Oficial 2026 El ganador por segundo a\u00f1o consecutivo es Javier Denia Javier Denia es dise\u00f1ador gr\u00e1fico desde hace m\u00e1s de 35 a\u00f1os, trabaja como freelance para distintas empresas del sector gr\u00e1fico y la serigraf\u00eda.Perfil profesional:Se presenta a s\u00ed mismo como emprendedor, dise\u00f1ador y networker con enfoque en la mejora continua. Su [&hellip;]\" \/>\n<meta property=\"og:url\" content=\"https:\/\/cunadelalegion.es\/?page_id=105\" \/>\n<meta property=\"og:site_name\" content=\"Cuna de La Legi\u00f3n\" \/>\n<meta property=\"article:publisher\" content=\"https:\/\/www.facebook.com\/profile.php?id=61567994836494\" \/>\n<meta property=\"article:modified_time\" content=\"2025-12-18T20:40:02+00:00\" \/>\n<meta property=\"og:image\" content=\"https:\/\/cunadelalegion.es\/wp-content\/uploads\/2025\/11\/boton-peq-inicio-web-3.png\" \/>\n<meta name=\"twitter:card\" content=\"summary_large_image\" \/>\n<meta name=\"twitter:label1\" content=\"Tiempo de lectura\" \/>\n\t<meta name=\"twitter:data1\" content=\"1 minuto\" \/>\n<script type=\"application\/ld+json\" class=\"yoast-schema-graph\">{\"@context\":\"https:\/\/schema.org\",\"@graph\":[{\"@type\":\"WebPage\",\"@id\":\"https:\/\/cunadelalegion.es\/?page_id=105\",\"url\":\"https:\/\/cunadelalegion.es\/?page_id=105\",\"name\":\"Camisetas - Cuna de La Legi\u00f3n\",\"isPartOf\":{\"@id\":\"https:\/\/cunadelalegion.es\/#website\"},\"primaryImageOfPage\":{\"@id\":\"https:\/\/cunadelalegion.es\/?page_id=105#primaryimage\"},\"image\":{\"@id\":\"https:\/\/cunadelalegion.es\/?page_id=105#primaryimage\"},\"thumbnailUrl\":\"https:\/\/cunadelalegion.es\/wp-content\/uploads\/2025\/11\/boton-peq-inicio-web-3.png\",\"datePublished\":\"2024-02-14T14:55:34+00:00\",\"dateModified\":\"2025-12-18T20:40:02+00:00\",\"breadcrumb\":{\"@id\":\"https:\/\/cunadelalegion.es\/?page_id=105#breadcrumb\"},\"inLanguage\":\"es\",\"potentialAction\":[{\"@type\":\"ReadAction\",\"target\":[\"https:\/\/cunadelalegion.es\/?page_id=105\"]}]},{\"@type\":\"ImageObject\",\"inLanguage\":\"es\",\"@id\":\"https:\/\/cunadelalegion.es\/?page_id=105#primaryimage\",\"url\":\"https:\/\/cunadelalegion.es\/wp-content\/uploads\/2025\/11\/boton-peq-inicio-web-3.png\",\"contentUrl\":\"https:\/\/cunadelalegion.es\/wp-content\/uploads\/2025\/11\/boton-peq-inicio-web-3.png\"},{\"@type\":\"BreadcrumbList\",\"@id\":\"https:\/\/cunadelalegion.es\/?page_id=105#breadcrumb\",\"itemListElement\":[{\"@type\":\"ListItem\",\"position\":1,\"name\":\"Home\",\"item\":\"https:\/\/cunadelalegion.es\/\"},{\"@type\":\"ListItem\",\"position\":2,\"name\":\"Camisetas\"}]},{\"@type\":\"WebSite\",\"@id\":\"https:\/\/cunadelalegion.es\/#website\",\"url\":\"https:\/\/cunadelalegion.es\/\",\"name\":\"Cuna de La Legi\u00f3n\",\"description\":\"Club Deportivo Tercio Duque de Alba\",\"publisher\":{\"@id\":\"https:\/\/cunadelalegion.es\/#organization\"},\"alternateName\":\"Carrera C\u00edvico Militar Cuna de La Legi\u00f3n\",\"potentialAction\":[{\"@type\":\"SearchAction\",\"target\":{\"@type\":\"EntryPoint\",\"urlTemplate\":\"https:\/\/cunadelalegion.es\/?s={search_term_string}\"},\"query-input\":{\"@type\":\"PropertyValueSpecification\",\"valueRequired\":true,\"valueName\":\"search_term_string\"}}],\"inLanguage\":\"es\"},{\"@type\":\"Organization\",\"@id\":\"https:\/\/cunadelalegion.es\/#organization\",\"name\":\"Cuna de La Legi\u00f3n\",\"alternateName\":\"Carrera C\u00edvio Militar Cuna de La Legi\u00f3n\",\"url\":\"https:\/\/cunadelalegion.es\/\",\"logo\":{\"@type\":\"ImageObject\",\"inLanguage\":\"es\",\"@id\":\"https:\/\/cunadelalegion.es\/#\/schema\/logo\/image\/\",\"url\":\"https:\/\/cunadelalegion.es\/wp-content\/uploads\/2026\/02\/Logo-Cuna-2025-Para-Gorra-COLOR.gif\",\"contentUrl\":\"https:\/\/cunadelalegion.es\/wp-content\/uploads\/2026\/02\/Logo-Cuna-2025-Para-Gorra-COLOR.gif\",\"width\":916,\"height\":1220,\"caption\":\"Cuna de La Legi\u00f3n\"},\"image\":{\"@id\":\"https:\/\/cunadelalegion.es\/#\/schema\/logo\/image\/\"},\"sameAs\":[\"https:\/\/www.facebook.com\/profile.php?id=61567994836494\",\"https:\/\/www.instagram.com\/lacunadelalegion\/?hl=es\"]}]}<\/script>\n<!-- \/ Yoast SEO plugin. -->","yoast_head_json":{"title":"Camisetas - Cuna de La Legi\u00f3n","robots":{"index":"index","follow":"follow","max-snippet":"max-snippet:-1","max-image-preview":"max-image-preview:large","max-video-preview":"max-video-preview:-1"},"canonical":"https:\/\/cunadelalegion.es\/?page_id=105","og_locale":"es_ES","og_type":"article","og_title":"Camisetas - Cuna de La Legi\u00f3n","og_description":"Concurso Dise\u00f1o Camiseta Conmemorativa Oficial 2026 El ganador por segundo a\u00f1o consecutivo es Javier Denia Javier Denia es dise\u00f1ador gr\u00e1fico desde hace m\u00e1s de 35 a\u00f1os, trabaja como freelance para distintas empresas del sector gr\u00e1fico y la serigraf\u00eda.Perfil profesional:Se presenta a s\u00ed mismo como emprendedor, dise\u00f1ador y networker con enfoque en la mejora continua. Su [&hellip;]","og_url":"https:\/\/cunadelalegion.es\/?page_id=105","og_site_name":"Cuna de La Legi\u00f3n","article_publisher":"https:\/\/www.facebook.com\/profile.php?id=61567994836494","article_modified_time":"2025-12-18T20:40:02+00:00","og_image":[{"url":"https:\/\/cunadelalegion.es\/wp-content\/uploads\/2025\/11\/boton-peq-inicio-web-3.png","type":"","width":"","height":""}],"twitter_card":"summary_large_image","twitter_misc":{"Tiempo de lectura":"1 minuto"},"schema":{"@context":"https:\/\/schema.org","@graph":[{"@type":"WebPage","@id":"https:\/\/cunadelalegion.es\/?page_id=105","url":"https:\/\/cunadelalegion.es\/?page_id=105","name":"Camisetas - Cuna de La Legi\u00f3n","isPartOf":{"@id":"https:\/\/cunadelalegion.es\/#website"},"primaryImageOfPage":{"@id":"https:\/\/cunadelalegion.es\/?page_id=105#primaryimage"},"image":{"@id":"https:\/\/cunadelalegion.es\/?page_id=105#primaryimage"},"thumbnailUrl":"https:\/\/cunadelalegion.es\/wp-content\/uploads\/2025\/11\/boton-peq-inicio-web-3.png","datePublished":"2024-02-14T14:55:34+00:00","dateModified":"2025-12-18T20:40:02+00:00","breadcrumb":{"@id":"https:\/\/cunadelalegion.es\/?page_id=105#breadcrumb"},"inLanguage":"es","potentialAction":[{"@type":"ReadAction","target":["https:\/\/cunadelalegion.es\/?page_id=105"]}]},{"@type":"ImageObject","inLanguage":"es","@id":"https:\/\/cunadelalegion.es\/?page_id=105#primaryimage","url":"https:\/\/cunadelalegion.es\/wp-content\/uploads\/2025\/11\/boton-peq-inicio-web-3.png","contentUrl":"https:\/\/cunadelalegion.es\/wp-content\/uploads\/2025\/11\/boton-peq-inicio-web-3.png"},{"@type":"BreadcrumbList","@id":"https:\/\/cunadelalegion.es\/?page_id=105#breadcrumb","itemListElement":[{"@type":"ListItem","position":1,"name":"Home","item":"https:\/\/cunadelalegion.es\/"},{"@type":"ListItem","position":2,"name":"Camisetas"}]},{"@type":"WebSite","@id":"https:\/\/cunadelalegion.es\/#website","url":"https:\/\/cunadelalegion.es\/","name":"Cuna de La Legi\u00f3n","description":"Club Deportivo Tercio Duque de Alba","publisher":{"@id":"https:\/\/cunadelalegion.es\/#organization"},"alternateName":"Carrera C\u00edvico Militar Cuna de La Legi\u00f3n","potentialAction":[{"@type":"SearchAction","target":{"@type":"EntryPoint","urlTemplate":"https:\/\/cunadelalegion.es\/?s={search_term_string}"},"query-input":{"@type":"PropertyValueSpecification","valueRequired":true,"valueName":"search_term_string"}}],"inLanguage":"es"},{"@type":"Organization","@id":"https:\/\/cunadelalegion.es\/#organization","name":"Cuna de La Legi\u00f3n","alternateName":"Carrera C\u00edvio Militar Cuna de La Legi\u00f3n","url":"https:\/\/cunadelalegion.es\/","logo":{"@type":"ImageObject","inLanguage":"es","@id":"https:\/\/cunadelalegion.es\/#\/schema\/logo\/image\/","url":"https:\/\/cunadelalegion.es\/wp-content\/uploads\/2026\/02\/Logo-Cuna-2025-Para-Gorra-COLOR.gif","contentUrl":"https:\/\/cunadelalegion.es\/wp-content\/uploads\/2026\/02\/Logo-Cuna-2025-Para-Gorra-COLOR.gif","width":916,"height":1220,"caption":"Cuna de La Legi\u00f3n"},"image":{"@id":"https:\/\/cunadelalegion.es\/#\/schema\/logo\/image\/"},"sameAs":["https:\/\/www.facebook.com\/profile.php?id=61567994836494","https:\/\/www.instagram.com\/lacunadelalegion\/?hl=es"]}]}},"_links":{"self":[{"href":"https:\/\/cunadelalegion.es\/index.php?rest_route=\/wp\/v2\/pages\/105","targetHints":{"allow":["GET"]}}],"collection":[{"href":"https:\/\/cunadelalegion.es\/index.php?rest_route=\/wp\/v2\/pages"}],"about":[{"href":"https:\/\/cunadelalegion.es\/index.php?rest_route=\/wp\/v2\/types\/page"}],"author":[{"embeddable":true,"href":"https:\/\/cunadelalegion.es\/index.php?rest_route=\/wp\/v2\/users\/1"}],"replies":[{"embeddable":true,"href":"https:\/\/cunadelalegion.es\/index.php?rest_route=%2Fwp%2Fv2%2Fcomments&post=105"}],"version-history":[{"count":16,"href":"https:\/\/cunadelalegion.es\/index.php?rest_route=\/wp\/v2\/pages\/105\/revisions"}],"predecessor-version":[{"id":843,"href":"https:\/\/cunadelalegion.es\/index.php?rest_route=\/wp\/v2\/pages\/105\/revisions\/843"}],"wp:attachment":[{"href":"https:\/\/cunadelalegion.es\/index.php?rest_route=%2Fwp%2Fv2%2Fmedia&parent=105"}],"curies":[{"name":"wp","href":"https:\/\/api.w.org\/{rel}","templated":true}]}}